{"id":2346,"date":"2024-04-14T11:38:46","date_gmt":"2024-04-14T09:38:46","guid":{"rendered":"https:\/\/www.hetmanjewelry.com\/?post_type=product&#038;p=2346"},"modified":"2026-02-25T21:33:46","modified_gmt":"2026-02-25T20:33:46","slug":"kluska-slaska-pierscionek-duzy-srebro","status":"publish","type":"product","link":"https:\/\/www.hetmanjewelry.com\/en\/product\/kluska-slaska-pierscionek-duzy-srebro\/","title":{"rendered":"Kluska \u015al\u0105ska pier\u015bcionek du\u017cy srebro"},"content":{"rendered":"","protected":false},"excerpt":{"rendered":"<p>Kluska \u015al\u0105ska pier\u015bcionek du\u017cy<\/p>\n<p>Silver 925<\/p>\n<p>W niedziel\u0119 obowi\u0105zuj\u0105 tylko te zasady: <strong>gniu\u015b, kula\u0107, warzi\u0107<\/strong> !<\/p>\n<p><strong>Kluska \u015al\u0105ska<\/strong> to ho\u0142d dla niedzielnego obiadu. Bi\u017cuteria dla tych co kochaj\u0105 gotowa\u0107 oraz dla tych co w kuchni niekoniecznie czuj\u0105 si\u0119 jak kluska w wodzie, ale na pewno <strong>kochaj\u0105 je\u015b\u0107<\/strong>! Kluska \u015al\u0105ska to zdecydowanie najsmakowitszy dodatek w ka\u017cdej stylizacji!<\/p>\n<p>Pier\u015bcionek dost\u0119pny w dw\u00f3ch rozmiarach w wersji fit i na t\u0142usto.<\/p>\n<p>R\u0119cznie kulane.<\/p>\n<p>Bezt\u0142uszczowe.<\/p>\n<p>100% wega\u0144skie.<\/p>\n<p><strong>Gift wrap? Add information when ordering.<\/strong><\/p>\n<p>If you want to send a gift directly to a specified address, we can include your dedication with the gift.<\/p>\n<p><strong>W przypadku informacji: <\/strong><\/p>\n<p><strong>Produkt na zam\u00f3wienie \u2013 realizacja w ci\u0105gu 14 dni roboczych<\/strong><\/p>\n<p><strong>Tutaj mo\u017cesz sprawdzi\u0107 tabel\u0119 rozmiar\u00f3w pier\u015bcionk\u00f3w\u00a0<a href=\"https:\/\/www.hetmanjewelry.com\/tabela-rozmiarow\/\">TABELA ROZMIAR\u00d3W<\/a><\/strong><\/p>","protected":false},"featured_media":1836,"template":"","meta":[],"product_brand":[],"product_cat":[38,40,61,33],"product_tag":[41,42,66,67,68,62,69,35,36],"class_list":{"0":"post-2346","1":"product","2":"type-product","3":"status-publish","4":"has-post-thumbnail","6":"product_cat-polishfood","7":"product_cat-kluski-slaskie","8":"product_cat-pierscionki","9":"product_cat-slaskie","10":"product_tag-kluska-slaska","11":"product_tag-kluski-slaskie","12":"product_tag-kuchnia-polska","13":"product_tag-pierog","14":"product_tag-pierogi","15":"product_tag-pierscionek","16":"product_tag-polskie-jedzenie","17":"product_tag-slask","18":"product_tag-slaska","20":"first","21":"instock","22":"taxable","23":"shipping-taxable","24":"purchasable","25":"product-type-variable"},"jetpack_sharing_enabled":true,"_links":{"self":[{"href":"https:\/\/www.hetmanjewelry.com\/en\/wp-json\/wp\/v2\/product\/2346","targetHints":{"allow":["GET"]}}],"collection":[{"href":"https:\/\/www.hetmanjewelry.com\/en\/wp-json\/wp\/v2\/product"}],"about":[{"href":"https:\/\/www.hetmanjewelry.com\/en\/wp-json\/wp\/v2\/types\/product"}],"wp:featuredmedia":[{"embeddable":true,"href":"https:\/\/www.hetmanjewelry.com\/en\/wp-json\/wp\/v2\/media\/1836"}],"wp:attachment":[{"href":"https:\/\/www.hetmanjewelry.com\/en\/wp-json\/wp\/v2\/media?parent=2346"}],"wp:term":[{"taxonomy":"product_brand","embeddable":true,"href":"https:\/\/www.hetmanjewelry.com\/en\/wp-json\/wp\/v2\/product_brand?post=2346"},{"taxonomy":"product_cat","embeddable":true,"href":"https:\/\/www.hetmanjewelry.com\/en\/wp-json\/wp\/v2\/product_cat?post=2346"},{"taxonomy":"product_tag","embeddable":true,"href":"https:\/\/www.hetmanjewelry.com\/en\/wp-json\/wp\/v2\/product_tag?post=2346"}],"curies":[{"name":"wp","href":"https:\/\/api.w.org\/{rel}","templated":true}]}}