{"id":2344,"date":"2024-04-14T11:38:46","date_gmt":"2024-04-14T09:38:46","guid":{"rendered":"https:\/\/www.hetmanjewelry.com\/?post_type=product&#038;p=2344"},"modified":"2026-03-31T19:17:01","modified_gmt":"2026-03-31T17:17:01","slug":"rogal-swietomarcinski-pierscionek-maly-mosiadz-pozlacany","status":"publish","type":"product","link":"https:\/\/www.hetmanjewelry.com\/en\/product\/rogal-swietomarcinski-pierscionek-maly-mosiadz-pozlacany\/","title":{"rendered":"Rogal \u015awi\u0119tomarci\u0144ski pier\u015bcionek ma\u0142y mosi\u0105dz poz\u0142acany"},"content":{"rendered":"","protected":false},"excerpt":{"rendered":"<p><strong>Rogal \u015awi\u0119tomarci\u0144ski pier\u015bcionek ma\u0142y<\/strong><\/p>\n<p>Mosi\u0105dz poz\u0142acany 24-karatowym z\u0142otem<\/p>\n<p>Bi\u017cuteria inspirowana rogalikiem a dok\u0142adniej\u00a0 \u015aw. Marcina. Jedzeniowego symbolu poznania. Ten s\u0142odziak charakteryzuje si\u0119 nadzieniem z bia\u0142ego maku i posypk\u0105 z orzech\u00f3w. Najwa\u017cniejsze by by\u0142 na margarynie! Aby cukiernia mog\u0142a u\u017cywa\u0107 nazwy \u201erogale \u015bwi\u0119tomarcri\u0144skie \u201d, musi uzyska\u0107 certyfikat potwierdzaj\u0105cy tradycj\u0105 receptur\u0119 i wypiek.<\/p>\n<p class=\"p1\"><strong><span class=\"s1\">Hungry for design, people of humor and distance, cooking and eating, help yourself and (show off) the best!\u00a0<\/span><\/strong><\/p>\n<p><strong>Gift wrap? Add information when ordering.<\/strong><\/p>\n<p>If you want to send a gift directly to a specified address, we can include your dedication with the gift.<\/p>\n<p><strong>Produkt wykonywany na zam\u00f3wienie<\/strong><\/p>\n<p><strong>Termin realizacji 14 dni roboczych.\u00a0<\/strong><\/p>","protected":false},"featured_media":19112,"template":"","meta":[],"product_brand":[],"product_cat":[38,61,31,99],"product_tag":[91,66,67,68,62,69,100,101],"class_list":{"0":"post-2344","1":"product","2":"type-product","3":"status-publish","4":"has-post-thumbnail","6":"product_cat-polishfood","7":"product_cat-pierscionki","8":"product_cat-pozlacane","9":"product_cat-rogaliki","10":"product_tag-bajgiel","11":"product_tag-kuchnia-polska","12":"product_tag-pierog","13":"product_tag-pierogi","14":"product_tag-pierscionek","15":"product_tag-polskie-jedzenie","16":"product_tag-rogal","17":"product_tag-rogalik","19":"first","20":"instock","21":"taxable","22":"shipping-taxable","23":"purchasable","24":"product-type-variable"},"jetpack_sharing_enabled":true,"_links":{"self":[{"href":"https:\/\/www.hetmanjewelry.com\/en\/wp-json\/wp\/v2\/product\/2344","targetHints":{"allow":["GET"]}}],"collection":[{"href":"https:\/\/www.hetmanjewelry.com\/en\/wp-json\/wp\/v2\/product"}],"about":[{"href":"https:\/\/www.hetmanjewelry.com\/en\/wp-json\/wp\/v2\/types\/product"}],"wp:featuredmedia":[{"embeddable":true,"href":"https:\/\/www.hetmanjewelry.com\/en\/wp-json\/wp\/v2\/media\/19112"}],"wp:attachment":[{"href":"https:\/\/www.hetmanjewelry.com\/en\/wp-json\/wp\/v2\/media?parent=2344"}],"wp:term":[{"taxonomy":"product_brand","embeddable":true,"href":"https:\/\/www.hetmanjewelry.com\/en\/wp-json\/wp\/v2\/product_brand?post=2344"},{"taxonomy":"product_cat","embeddable":true,"href":"https:\/\/www.hetmanjewelry.com\/en\/wp-json\/wp\/v2\/product_cat?post=2344"},{"taxonomy":"product_tag","embeddable":true,"href":"https:\/\/www.hetmanjewelry.com\/en\/wp-json\/wp\/v2\/product_tag?post=2344"}],"curies":[{"name":"wp","href":"https:\/\/api.w.org\/{rel}","templated":true}]}}