{"id":2343,"date":"2024-04-14T11:38:46","date_gmt":"2024-04-14T09:38:46","guid":{"rendered":"https:\/\/www.hetmanjewelry.com\/?post_type=product&#038;p=2343"},"modified":"2025-12-17T13:29:33","modified_gmt":"2025-12-17T12:29:33","slug":"rogal-swietomarcinski-pierscionek-maly-srebro","status":"publish","type":"product","link":"https:\/\/www.hetmanjewelry.com\/en\/product\/rogal-swietomarcinski-pierscionek-maly-srebro\/","title":{"rendered":"St. Martin&#039;s croissant ring small silver"},"content":{"rendered":"","protected":false},"excerpt":{"rendered":"<p><strong>Rogal \u015awi\u0119tomarci\u0144ski pier\u015bcionek ma\u0142y<\/strong><\/p>\n<p>Silver 925<\/p>\n<p>Bi\u017cuteria inspirowana rogalikiem a dok\u0142adniej \u015aw. Marcina. Jedzeniowego symbolu poznania. Ten s\u0142odziak charakteryzuje si\u0119 nadzieniem z bia\u0142ego maku i posypk\u0105 z orzech\u00f3w. Najwa\u017cniejsze by by\u0142 na margarynie! Aby cukiernia mog\u0142a u\u017cywa\u0107 nazwy \u201erogale \u015bwi\u0119tomarci\u0144skie\u201d, musi uzyska\u0107 certyfikat potwierdzaj\u0105cy tradycj\u0105 receptur\u0119 i wypiek.<\/p>\n<p class=\"p1\"><strong><span class=\"s1\">Hungry for design, people of humor and distance, cooking and eating, help yourself and (show off) the best!<\/span><\/strong><\/p>\n<p><strong>Gift wrap? Add information when ordering.<\/strong><\/p>\n<p>If you want to send a gift directly to a specified address, we can include your dedication with the gift.<\/p>\n<p><strong>Rozmiar pier\u015bcionka dodaj w polu &#8222;uwagi do zam\u00f3wienia&#8221; przy sk\u0142adaniu zam\u00f3wienia.<\/strong><\/p>\n<p><strong>Tutaj mo\u017cesz sprawdzi\u0107 tabel\u0119 rozmiar\u00f3w pier\u015bcionk\u00f3w\u00a0<a href=\"https:\/\/www.hetmanjewelry.com\/tabela-rozmiarow\/\">TABELA ROZMIAR\u00d3W<\/a><\/strong><\/p>\n<p><strong>Smacznego!<\/strong><\/p>\n<p>&nbsp;<\/p>","protected":false},"featured_media":1970,"template":"","meta":[],"product_brand":[],"product_cat":[38,61,31,99],"product_tag":[41,42,66,92,67,68,62,69,100,101],"class_list":{"0":"post-2343","1":"product","2":"type-product","3":"status-publish","4":"has-post-thumbnail","6":"product_cat-polishfood","7":"product_cat-pierscionki","8":"product_cat-pozlacane","9":"product_cat-rogaliki","10":"product_tag-kluska-slaska","11":"product_tag-kluski-slaskie","12":"product_tag-kuchnia-polska","13":"product_tag-obwarzanek","14":"product_tag-pierog","15":"product_tag-pierogi","16":"product_tag-pierscionek","17":"product_tag-polskie-jedzenie","18":"product_tag-rogal","19":"product_tag-rogalik","21":"first","22":"outofstock","23":"taxable","24":"shipping-taxable","25":"purchasable","26":"product-type-simple"},"jetpack_sharing_enabled":true,"_links":{"self":[{"href":"https:\/\/www.hetmanjewelry.com\/en\/wp-json\/wp\/v2\/product\/2343","targetHints":{"allow":["GET"]}}],"collection":[{"href":"https:\/\/www.hetmanjewelry.com\/en\/wp-json\/wp\/v2\/product"}],"about":[{"href":"https:\/\/www.hetmanjewelry.com\/en\/wp-json\/wp\/v2\/types\/product"}],"wp:featuredmedia":[{"embeddable":true,"href":"https:\/\/www.hetmanjewelry.com\/en\/wp-json\/wp\/v2\/media\/1970"}],"wp:attachment":[{"href":"https:\/\/www.hetmanjewelry.com\/en\/wp-json\/wp\/v2\/media?parent=2343"}],"wp:term":[{"taxonomy":"product_brand","embeddable":true,"href":"https:\/\/www.hetmanjewelry.com\/en\/wp-json\/wp\/v2\/product_brand?post=2343"},{"taxonomy":"product_cat","embeddable":true,"href":"https:\/\/www.hetmanjewelry.com\/en\/wp-json\/wp\/v2\/product_cat?post=2343"},{"taxonomy":"product_tag","embeddable":true,"href":"https:\/\/www.hetmanjewelry.com\/en\/wp-json\/wp\/v2\/product_tag?post=2343"}],"curies":[{"name":"wp","href":"https:\/\/api.w.org\/{rel}","templated":true}]}}