{"id":2322,"date":"2024-04-14T11:37:56","date_gmt":"2024-04-14T09:37:56","guid":{"rendered":"https:\/\/www.hetmanjewelry.com\/?post_type=product&#038;p=2322"},"modified":"2026-02-04T22:03:24","modified_gmt":"2026-02-04T21:03:24","slug":"muszle-iv","status":"publish","type":"product","link":"https:\/\/www.hetmanjewelry.com\/en\/product\/muszle-iv\/","title":{"rendered":"Shells IV"},"content":{"rendered":"","protected":false},"excerpt":{"rendered":"<p><strong>Shells<\/strong><\/p>\n<p>Kolczyki muszle wykonane ze srebra 925.<\/p>\n<p>Za model pos\u0142u\u017cy\u0142a muszla naturalna, skala 1:1<\/p>\n<p>&nbsp;<\/p>\n<p><strong>Gift wrap? Add information when ordering.<\/strong><\/p>\n<p>If you want to send a gift directly to a specified address, we can include your dedication with the gift.<\/p>","protected":false},"featured_media":2356,"template":"","meta":[],"product_brand":[],"product_cat":[346,30],"product_tag":[34,119],"class_list":{"0":"post-2322","1":"product","2":"type-product","3":"status-publish","4":"has-post-thumbnail","6":"product_cat-biophilia","7":"product_cat-kolczyki","8":"product_tag-kolczyki","9":"product_tag-muszla","11":"first","12":"instock","13":"taxable","14":"shipping-taxable","15":"purchasable","16":"product-type-simple"},"jetpack_sharing_enabled":true,"_links":{"self":[{"href":"https:\/\/www.hetmanjewelry.com\/en\/wp-json\/wp\/v2\/product\/2322","targetHints":{"allow":["GET"]}}],"collection":[{"href":"https:\/\/www.hetmanjewelry.com\/en\/wp-json\/wp\/v2\/product"}],"about":[{"href":"https:\/\/www.hetmanjewelry.com\/en\/wp-json\/wp\/v2\/types\/product"}],"wp:featuredmedia":[{"embeddable":true,"href":"https:\/\/www.hetmanjewelry.com\/en\/wp-json\/wp\/v2\/media\/2356"}],"wp:attachment":[{"href":"https:\/\/www.hetmanjewelry.com\/en\/wp-json\/wp\/v2\/media?parent=2322"}],"wp:term":[{"taxonomy":"product_brand","embeddable":true,"href":"https:\/\/www.hetmanjewelry.com\/en\/wp-json\/wp\/v2\/product_brand?post=2322"},{"taxonomy":"product_cat","embeddable":true,"href":"https:\/\/www.hetmanjewelry.com\/en\/wp-json\/wp\/v2\/product_cat?post=2322"},{"taxonomy":"product_tag","embeddable":true,"href":"https:\/\/www.hetmanjewelry.com\/en\/wp-json\/wp\/v2\/product_tag?post=2322"}],"curies":[{"name":"wp","href":"https:\/\/api.w.org\/{rel}","templated":true}]}}