{"id":2295,"date":"2024-04-14T11:37:20","date_gmt":"2024-04-14T09:37:20","guid":{"rendered":"https:\/\/www.hetmanjewelry.com\/?post_type=product&#038;p=2295"},"modified":"2026-03-31T19:17:57","modified_gmt":"2026-03-31T17:17:57","slug":"donut-mat-male-kolczyki","status":"publish","type":"product","link":"https:\/\/www.hetmanjewelry.com\/en\/product\/donut-mat-male-kolczyki\/","title":{"rendered":"Donut matt small earrings"},"content":{"rendered":"<blockquote><p>&nbsp;<\/p><\/blockquote>","protected":false},"excerpt":{"rendered":"<p><strong>Donut mat ma\u0142e naszyjnik<\/strong><\/p>\n<p>Wymiary kolczyk\u00f3w 10 mm<\/p>\n<p>Donut to wyr\u00f3b cukierniczy w kszta\u0142cie oponki. Istnieje kilka teorii powstania donat\u00f3w. Jedna z nich g\u0142osi, \u017ce byli to holenderscy osadnicy w Ameryce P\u00f3\u0142nocnej. Druga, \u017ce wymy\u015bli\u0142 je Hanson Gregory, kt\u00f3ry wydr\u0105\u017cy\u0142 w cie\u015bcie donuta otw\u00f3r, aby ciasto w \u015brodku nigdy nie by\u0142o surowe. Wed\u0142ug antropologa Paula Mullinsa pierwsza ksi\u0105\u017cka, kt\u00f3ra wspomina o donut powsta\u0142a w 1803. Jedna z ostatnich teorii g\u0142osi, \u017ce pierwsza wzmianka o nich pochodzi z 1800 roku z ksi\u0105\u017cki przepis\u00f3w i porad domowych \u017cony Thomasa Dimesdale. W ka\u017cdy pierwszy pi\u0105tek czerwca w Stanach Zjednoczonych obchodzone jest \u015bwi\u0119to donuta.<\/p>\n<p><strong>Gift wrap? Add information when ordering.<\/strong><\/p>\n<p>If you want to send a gift directly to a specified address, we can include your dedication with the gift.<\/p>","protected":false},"featured_media":2326,"template":"","meta":[],"product_brand":[],"product_cat":[30,31],"product_tag":[91,34,92,67,68,122],"class_list":{"0":"post-2295","1":"product","2":"type-product","3":"status-publish","4":"has-post-thumbnail","6":"product_cat-kolczyki","7":"product_cat-pozlacane","8":"product_tag-bajgiel","9":"product_tag-kolczyki","10":"product_tag-obwarzanek","11":"product_tag-pierog","12":"product_tag-pierogi","13":"product_tag-sushi","15":"first","16":"instock","17":"taxable","18":"shipping-taxable","19":"purchasable","20":"product-type-variable","21":"has-default-attributes"},"jetpack_sharing_enabled":true,"_links":{"self":[{"href":"https:\/\/www.hetmanjewelry.com\/en\/wp-json\/wp\/v2\/product\/2295","targetHints":{"allow":["GET"]}}],"collection":[{"href":"https:\/\/www.hetmanjewelry.com\/en\/wp-json\/wp\/v2\/product"}],"about":[{"href":"https:\/\/www.hetmanjewelry.com\/en\/wp-json\/wp\/v2\/types\/product"}],"wp:featuredmedia":[{"embeddable":true,"href":"https:\/\/www.hetmanjewelry.com\/en\/wp-json\/wp\/v2\/media\/2326"}],"wp:attachment":[{"href":"https:\/\/www.hetmanjewelry.com\/en\/wp-json\/wp\/v2\/media?parent=2295"}],"wp:term":[{"taxonomy":"product_brand","embeddable":true,"href":"https:\/\/www.hetmanjewelry.com\/en\/wp-json\/wp\/v2\/product_brand?post=2295"},{"taxonomy":"product_cat","embeddable":true,"href":"https:\/\/www.hetmanjewelry.com\/en\/wp-json\/wp\/v2\/product_cat?post=2295"},{"taxonomy":"product_tag","embeddable":true,"href":"https:\/\/www.hetmanjewelry.com\/en\/wp-json\/wp\/v2\/product_tag?post=2295"}],"curies":[{"name":"wp","href":"https:\/\/api.w.org\/{rel}","templated":true}]}}