{"id":2230,"date":"2024-04-14T11:35:40","date_gmt":"2024-04-14T09:35:40","guid":{"rendered":"https:\/\/www.hetmanjewelry.com\/?post_type=product&#038;p=2230"},"modified":"2026-04-18T02:00:03","modified_gmt":"2026-04-18T00:00:03","slug":"ravioli-kolczyki","status":"publish","type":"product","link":"https:\/\/www.hetmanjewelry.com\/en\/product\/ravioli-kolczyki\/","title":{"rendered":"Ravioli kolczyki"},"content":{"rendered":"","protected":false},"excerpt":{"rendered":"<p><strong>Ravioli kolczyki<\/strong><\/p>\n<p>\u015arednica 10 mm<\/p>\n<p>&nbsp;<\/p>\n<p>Kolczyki inspirowane ravioli, w\u0142oskim kuzynem naszych pierog\u00f3w. S\u0105 to niedu\u017ce piero\u017cki najcz\u0119\u015bciej nadziewanie serem ricotta, mi\u0119sem lub warzywami. Idealny prezent dla pracuj\u0105cych w bran\u017cy gastronomicznej oraz tych, kt\u00f3rzy kochaj\u0105 gotowa\u0107, a czas w kuchni to najlepiej sp\u0119dzany czas.<\/p>\n<p>&nbsp;<\/p>\n<div class=\"woocommerce-product-details__short-description\">\n<p><strong>Gift wrap? Add information when ordering.<\/strong><\/p>\n<p>If you want to send a gift directly to a specified address, we can include your dedication with the gift.<\/p>\n<\/div>","protected":false},"featured_media":2256,"template":"","meta":[],"product_brand":[],"product_cat":[30,31,65],"product_tag":[95,46,47],"class_list":{"0":"post-2230","1":"product","2":"type-product","3":"status-publish","4":"has-post-thumbnail","6":"product_cat-kolczyki","7":"product_cat-pozlacane","8":"product_cat-smaki-swiata","9":"product_tag-makaron","10":"product_tag-naszyjnik","11":"product_tag-zawieszka","13":"first","14":"instock","15":"taxable","16":"shipping-taxable","17":"purchasable","18":"product-type-variable","19":"has-default-attributes"},"jetpack_sharing_enabled":true,"_links":{"self":[{"href":"https:\/\/www.hetmanjewelry.com\/en\/wp-json\/wp\/v2\/product\/2230","targetHints":{"allow":["GET"]}}],"collection":[{"href":"https:\/\/www.hetmanjewelry.com\/en\/wp-json\/wp\/v2\/product"}],"about":[{"href":"https:\/\/www.hetmanjewelry.com\/en\/wp-json\/wp\/v2\/types\/product"}],"wp:featuredmedia":[{"embeddable":true,"href":"https:\/\/www.hetmanjewelry.com\/en\/wp-json\/wp\/v2\/media\/2256"}],"wp:attachment":[{"href":"https:\/\/www.hetmanjewelry.com\/en\/wp-json\/wp\/v2\/media?parent=2230"}],"wp:term":[{"taxonomy":"product_brand","embeddable":true,"href":"https:\/\/www.hetmanjewelry.com\/en\/wp-json\/wp\/v2\/product_brand?post=2230"},{"taxonomy":"product_cat","embeddable":true,"href":"https:\/\/www.hetmanjewelry.com\/en\/wp-json\/wp\/v2\/product_cat?post=2230"},{"taxonomy":"product_tag","embeddable":true,"href":"https:\/\/www.hetmanjewelry.com\/en\/wp-json\/wp\/v2\/product_tag?post=2230"}],"curies":[{"name":"wp","href":"https:\/\/api.w.org\/{rel}","templated":true}]}}