{"id":2178,"date":"2024-04-14T11:33:32","date_gmt":"2024-04-14T09:33:32","guid":{"rendered":"https:\/\/www.hetmanjewelry.com\/?post_type=product&#038;p=2178"},"modified":"2026-03-31T19:21:03","modified_gmt":"2026-03-31T17:21:03","slug":"bulka-poznanska-kolczyki","status":"publish","type":"product","link":"https:\/\/www.hetmanjewelry.com\/en\/product\/bulka-poznanska-kolczyki\/","title":{"rendered":"Bu\u0142ka pozna\u0144ska kolczyki"},"content":{"rendered":"","protected":false},"excerpt":{"rendered":"<p><strong>Kolczyki inspirowane bu\u0142kami pozna\u0144skimi.<br \/>\n<\/strong><\/p>\n<p>\u015arednica 12 mm<\/p>\n<p>W wersji srebrnej lub srebro poz\u0142acane 24-karatowym z\u0142otem.<\/p>\n<p>Idealny prezent dla pracuj\u0105cych w bran\u017cy gastronomicznej oraz tych, kt\u00f3rzy kochaj\u0105 piec, a palce w m\u0105ce to wyznacznik najlepiej sp\u0119dzanego czasu. Tutaj spotykaj\u0105 si\u0119 wszyscy gastrolubni!<\/p>\n<p><strong><span class=\"s1\">Hungry for design, people of humor and distance, cooking and eating, help yourself and (show off) the best!<\/span><\/strong><\/p>\n<p>&nbsp;<\/p>\n<div class=\"woocommerce-product-details__short-description\">\n<p><strong>Gift wrap? Add information when ordering.<\/strong><\/p>\n<p>If you want to send a gift directly to a specified address, we can include your dedication with the gift.<\/p>\n<\/div>","protected":false},"featured_media":2219,"template":"","meta":[],"product_brand":[],"product_cat":[38,30,31],"product_tag":[112,34,66,126,69],"class_list":{"0":"post-2178","1":"product","2":"type-product","3":"status-publish","4":"has-post-thumbnail","6":"product_cat-polishfood","7":"product_cat-kolczyki","8":"product_cat-pozlacane","9":"product_tag-bulka","10":"product_tag-kolczyki","11":"product_tag-kuchnia-polska","12":"product_tag-pieczywo","13":"product_tag-polskie-jedzenie","15":"first","16":"instock","17":"taxable","18":"shipping-taxable","19":"purchasable","20":"product-type-variable","21":"has-default-attributes"},"jetpack_sharing_enabled":true,"_links":{"self":[{"href":"https:\/\/www.hetmanjewelry.com\/en\/wp-json\/wp\/v2\/product\/2178","targetHints":{"allow":["GET"]}}],"collection":[{"href":"https:\/\/www.hetmanjewelry.com\/en\/wp-json\/wp\/v2\/product"}],"about":[{"href":"https:\/\/www.hetmanjewelry.com\/en\/wp-json\/wp\/v2\/types\/product"}],"wp:featuredmedia":[{"embeddable":true,"href":"https:\/\/www.hetmanjewelry.com\/en\/wp-json\/wp\/v2\/media\/2219"}],"wp:attachment":[{"href":"https:\/\/www.hetmanjewelry.com\/en\/wp-json\/wp\/v2\/media?parent=2178"}],"wp:term":[{"taxonomy":"product_brand","embeddable":true,"href":"https:\/\/www.hetmanjewelry.com\/en\/wp-json\/wp\/v2\/product_brand?post=2178"},{"taxonomy":"product_cat","embeddable":true,"href":"https:\/\/www.hetmanjewelry.com\/en\/wp-json\/wp\/v2\/product_cat?post=2178"},{"taxonomy":"product_tag","embeddable":true,"href":"https:\/\/www.hetmanjewelry.com\/en\/wp-json\/wp\/v2\/product_tag?post=2178"}],"curies":[{"name":"wp","href":"https:\/\/api.w.org\/{rel}","templated":true}]}}