{"id":2143,"date":"2024-04-14T11:32:25","date_gmt":"2024-04-14T09:32:25","guid":{"rendered":"https:\/\/www.hetmanjewelry.com\/?post_type=product&#038;p=2143"},"modified":"2026-03-02T15:27:44","modified_gmt":"2026-03-02T14:27:44","slug":"rogalik-swietomarcinski-maly-naszyjnik-z-lancuszkiem","status":"publish","type":"product","link":"https:\/\/www.hetmanjewelry.com\/en\/product\/rogalik-swietomarcinski-maly-naszyjnik-z-lancuszkiem\/","title":{"rendered":"Rogalik \u015awi\u0119tomarci\u0144ski ma\u0142y naszyjnik z \u0142a\u0144cuszkiem"},"content":{"rendered":"","protected":false},"excerpt":{"rendered":"<p><strong>Naszyjnik Rogal \u015awi\u0119tomarci\u0144ski ma\u0142y<br \/>\n<\/strong><\/p>\n<p>Wymiary zawieszki 1,2 cm<\/p>\n<p>Zawieszka z \u0142a\u0144cuszkiem regulowanym 40-45 cm<\/p>\n<p>&nbsp;<\/p>\n<p>Bi\u017cuteria inspirowana rogalikiem a dok\u0142adniej \u015aw. Marcina. Jedzeniowego symbolu poznania. Ten s\u0142odziak charakteryzuje si\u0119 nadzieniem z bia\u0142ego maku i posypk\u0105 z orzech\u00f3w. Najwa\u017cniejsze by by\u0142 na margarynie! Aby cukiernia mog\u0142a u\u017cywa\u0107 nazwy \u201erogale \u015bwi\u0119tomarci\u0144skie\u201d, musi uzyska\u0107 certyfikat potwierdzaj\u0105cy tradycj\u0105 receptur\u0119 i wypiek.<\/p>\n<p class=\"p1\"><strong><span class=\"s1\">Hungry for design, people of humor and distance, cooking and eating, help yourself and (show off) the best!<\/span><\/strong><\/p>\n<p><strong>Gift wrap? Add information when ordering.<\/strong><\/p>\n<p>If you want to send a gift directly to a specified address, we can include your dedication with the gift.<\/p>","protected":false},"featured_media":2180,"template":"","meta":[],"product_brand":[],"product_cat":[38,45,31,99],"product_tag":[91,66,46,67,68,69,100,101,47],"class_list":{"0":"post-2143","1":"product","2":"type-product","3":"status-publish","4":"has-post-thumbnail","6":"product_cat-polishfood","7":"product_cat-naszyjniki","8":"product_cat-pozlacane","9":"product_cat-rogaliki","10":"product_tag-bajgiel","11":"product_tag-kuchnia-polska","12":"product_tag-naszyjnik","13":"product_tag-pierog","14":"product_tag-pierogi","15":"product_tag-polskie-jedzenie","16":"product_tag-rogal","17":"product_tag-rogalik","18":"product_tag-zawieszka","20":"first","21":"instock","22":"taxable","23":"shipping-taxable","24":"purchasable","25":"product-type-variable"},"jetpack_sharing_enabled":true,"_links":{"self":[{"href":"https:\/\/www.hetmanjewelry.com\/en\/wp-json\/wp\/v2\/product\/2143","targetHints":{"allow":["GET"]}}],"collection":[{"href":"https:\/\/www.hetmanjewelry.com\/en\/wp-json\/wp\/v2\/product"}],"about":[{"href":"https:\/\/www.hetmanjewelry.com\/en\/wp-json\/wp\/v2\/types\/product"}],"wp:featuredmedia":[{"embeddable":true,"href":"https:\/\/www.hetmanjewelry.com\/en\/wp-json\/wp\/v2\/media\/2180"}],"wp:attachment":[{"href":"https:\/\/www.hetmanjewelry.com\/en\/wp-json\/wp\/v2\/media?parent=2143"}],"wp:term":[{"taxonomy":"product_brand","embeddable":true,"href":"https:\/\/www.hetmanjewelry.com\/en\/wp-json\/wp\/v2\/product_brand?post=2143"},{"taxonomy":"product_cat","embeddable":true,"href":"https:\/\/www.hetmanjewelry.com\/en\/wp-json\/wp\/v2\/product_cat?post=2143"},{"taxonomy":"product_tag","embeddable":true,"href":"https:\/\/www.hetmanjewelry.com\/en\/wp-json\/wp\/v2\/product_tag?post=2143"}],"curies":[{"name":"wp","href":"https:\/\/api.w.org\/{rel}","templated":true}]}}