{"id":2094,"date":"2024-04-14T11:28:36","date_gmt":"2024-04-14T09:28:36","guid":{"rendered":"https:\/\/www.hetmanjewelry.com\/?post_type=product&#038;p=2094"},"modified":"2025-12-18T01:26:03","modified_gmt":"2025-12-18T00:26:03","slug":"kolczyki-precle","status":"publish","type":"product","link":"https:\/\/www.hetmanjewelry.com\/en\/product\/kolczyki-precle\/","title":{"rendered":"Pretzel earrings"},"content":{"rendered":"","protected":false},"excerpt":{"rendered":"<p><strong>Kolczyki wkr\u0119tki Precel<br \/>\n<\/strong><\/p>\n<p>Kolczyki wielko\u015bci 10 mm<\/p>\n<p><span class=\"ILfuVd\"><span class=\"hgKElc\">Precel to tradycyjny bawarski wypiek na bazie dro\u017cd\u017cy i m\u0105ki pszennej. Nieod\u0142\u0105czny element bawarskiej kultury. Pierwsze wzmianki o preclu pochodz\u0105 jeszcze zza czas\u00f3w \u015bredniowiecza. Charakteryzuje si\u0119 cienk\u0105, b\u0142yszcz\u0105c\u0105 br\u0105zow\u0105 sk\u00f3rk\u0105, natomiast ciasto w \u015brodku jest jasne i mi\u0119kkie. Wypiek jest cz\u0119sto posypywany dodatkami takimi jak czarny mak, czarnuszka, gruba s\u00f3l, sezam.<\/span><\/span><\/p>\n<p><strong>Gift wrap? Add information when ordering.<\/strong><\/p>\n<p>If you want to send a gift directly to a specified address, we can include your dedication with the gift.<\/p>","protected":false},"featured_media":2141,"template":"","meta":[],"product_brand":[],"product_cat":[30,31,65],"product_tag":[34,120],"class_list":{"0":"post-2094","1":"product","2":"type-product","3":"status-publish","4":"has-post-thumbnail","6":"product_cat-kolczyki","7":"product_cat-pozlacane","8":"product_cat-smaki-swiata","9":"product_tag-kolczyki","10":"product_tag-precel","12":"first","13":"instock","14":"taxable","15":"shipping-taxable","16":"purchasable","17":"product-type-variable","18":"has-default-attributes"},"jetpack_sharing_enabled":true,"_links":{"self":[{"href":"https:\/\/www.hetmanjewelry.com\/en\/wp-json\/wp\/v2\/product\/2094","targetHints":{"allow":["GET"]}}],"collection":[{"href":"https:\/\/www.hetmanjewelry.com\/en\/wp-json\/wp\/v2\/product"}],"about":[{"href":"https:\/\/www.hetmanjewelry.com\/en\/wp-json\/wp\/v2\/types\/product"}],"wp:featuredmedia":[{"embeddable":true,"href":"https:\/\/www.hetmanjewelry.com\/en\/wp-json\/wp\/v2\/media\/2141"}],"wp:attachment":[{"href":"https:\/\/www.hetmanjewelry.com\/en\/wp-json\/wp\/v2\/media?parent=2094"}],"wp:term":[{"taxonomy":"product_brand","embeddable":true,"href":"https:\/\/www.hetmanjewelry.com\/en\/wp-json\/wp\/v2\/product_brand?post=2094"},{"taxonomy":"product_cat","embeddable":true,"href":"https:\/\/www.hetmanjewelry.com\/en\/wp-json\/wp\/v2\/product_cat?post=2094"},{"taxonomy":"product_tag","embeddable":true,"href":"https:\/\/www.hetmanjewelry.com\/en\/wp-json\/wp\/v2\/product_tag?post=2094"}],"curies":[{"name":"wp","href":"https:\/\/api.w.org\/{rel}","templated":true}]}}