{"id":2019,"date":"2025-04-14T11:24:52","date_gmt":"2025-04-14T09:24:52","guid":{"rendered":"https:\/\/www.hetmanjewelry.com\/?post_type=product&#038;p=2019"},"modified":"2025-12-21T19:25:39","modified_gmt":"2025-12-21T18:25:39","slug":"rogalik-spinki-do-mankietow","status":"publish","type":"product","link":"https:\/\/www.hetmanjewelry.com\/en\/product\/rogalik-spinki-do-mankietow\/","title":{"rendered":"Croissant <br> cufflinks <\/br>"},"content":{"rendered":"","protected":false},"excerpt":{"rendered":"<div class=\"woocommerce-product-details__short-description\">\n<p><strong>Rogaliki spinki do mankiet\u00f3w<\/strong><\/p>\n<p>W wersji srebro 925<\/p>\n<p>\u015awietny dodatek dla gastrolubnych do ka\u017cdej koszuli i na ka\u017cd\u0105 okazj\u0119.<\/p>\n<\/div>\n<p>&nbsp;<\/p>\n<p>Bi\u017cuteria inspirowana rogalikiem a dok\u0142adniej \u015aw. Marcina. Jedzeniowego symbolu poznania. Ten s\u0142odziak charakteryzuje si\u0119 nadzieniem z bia\u0142ego maku i posypk\u0105 z orzech\u00f3w. Najwa\u017cniejsze by by\u0142 na margarynie! Aby cukiernia mog\u0142a u\u017cywa\u0107 nazwy \u201erogale \u015bwi\u0119tomarci\u0144skie\u201d, musi uzyska\u0107 certyfikat potwierdzaj\u0105cy tradycj\u0105 receptur\u0119 i wypiek.<\/p>\n<div class=\"woocommerce-product-details__short-description\">\n<p class=\"p1\"><strong><span class=\"s1\">Hungry for design, people of humor and distance, cooking and eating, help yourself and (show off) the best!<\/span><\/strong><\/p>\n<p><strong>Gift wrap? Add information when ordering.<\/strong><\/p>\n<p>If you want to send a gift directly to a specified address, we can include your dedication with the gift.<\/p>\n<\/div>","protected":false},"featured_media":2054,"template":"","meta":[],"product_brand":[],"product_cat":[84,85],"product_tag":[66,69,100,101,86,87],"class_list":{"0":"post-2019","1":"product","2":"type-product","3":"status-publish","4":"has-post-thumbnail","6":"product_cat-dla-niego","7":"product_cat-spinki-do-mankietow","8":"product_tag-kuchnia-polska","9":"product_tag-polskie-jedzenie","10":"product_tag-rogal","11":"product_tag-rogalik","12":"product_tag-spinki-do-koszuli","13":"product_tag-spinki-do-mankietow","15":"first","16":"instock","17":"taxable","18":"shipping-taxable","19":"purchasable","20":"product-type-simple"},"jetpack_sharing_enabled":true,"_links":{"self":[{"href":"https:\/\/www.hetmanjewelry.com\/en\/wp-json\/wp\/v2\/product\/2019","targetHints":{"allow":["GET"]}}],"collection":[{"href":"https:\/\/www.hetmanjewelry.com\/en\/wp-json\/wp\/v2\/product"}],"about":[{"href":"https:\/\/www.hetmanjewelry.com\/en\/wp-json\/wp\/v2\/types\/product"}],"wp:featuredmedia":[{"embeddable":true,"href":"https:\/\/www.hetmanjewelry.com\/en\/wp-json\/wp\/v2\/media\/2054"}],"wp:attachment":[{"href":"https:\/\/www.hetmanjewelry.com\/en\/wp-json\/wp\/v2\/media?parent=2019"}],"wp:term":[{"taxonomy":"product_brand","embeddable":true,"href":"https:\/\/www.hetmanjewelry.com\/en\/wp-json\/wp\/v2\/product_brand?post=2019"},{"taxonomy":"product_cat","embeddable":true,"href":"https:\/\/www.hetmanjewelry.com\/en\/wp-json\/wp\/v2\/product_cat?post=2019"},{"taxonomy":"product_tag","embeddable":true,"href":"https:\/\/www.hetmanjewelry.com\/en\/wp-json\/wp\/v2\/product_tag?post=2019"}],"curies":[{"name":"wp","href":"https:\/\/api.w.org\/{rel}","templated":true}]}}