{"id":1955,"date":"2024-04-14T11:20:10","date_gmt":"2024-04-14T09:20:10","guid":{"rendered":"https:\/\/www.hetmanjewelry.com\/?post_type=product&#038;p=1955"},"modified":"2025-12-18T02:28:26","modified_gmt":"2025-12-18T01:28:26","slug":"faworek-naszyjnik-z-lancuszkiem","status":"publish","type":"product","link":"https:\/\/www.hetmanjewelry.com\/en\/product\/faworek-naszyjnik-z-lancuszkiem\/","title":{"rendered":"Faworek naszyjnik z \u0142a\u0144cuszkiem"},"content":{"rendered":"","protected":false},"excerpt":{"rendered":"<p><strong>Faworek naszyjnik<br \/>\n<\/strong><\/p>\n<p>Dla wszystkich fan\u00f3w polskiej kuchni i chru\u015bcik\u00f3w.<\/p>\n<p>Faworek &#8211; kszta\u0142t polskiego DNA<\/p>\n<p>z \u0142a\u0144cuszkiem d\u0142ugo\u015b\u0107 regulowana od 40 do 45 cm<\/p>\n<p>Zawieszka d\u0142ugo\u015bci 15 mm<\/p>\n<p class=\"p1\"><strong><span class=\"s1\">G\u0142odni dizajnu, ludzie humoru i dystansu, gotuj\u0105cy i jedz\u0105cy, cz\u0119stujcie i (ob)no\u015bcie si\u0119 tym co najlepsze.<\/span><\/strong><\/p>\n<p><strong>Gift wrap? Add information when ordering.<\/strong><\/p>\n<p>If you want to send a gift directly to a specified address, we can include your dedication with the gift.<\/p>","protected":false},"featured_media":1998,"template":"","meta":[],"product_brand":[],"product_cat":[38,127,45,31],"product_tag":[91,109,66,46,92,89,69,35,47],"class_list":{"0":"post-1955","1":"product","2":"type-product","3":"status-publish","4":"has-post-thumbnail","6":"product_cat-polishfood","7":"product_cat-faworki","8":"product_cat-naszyjniki","9":"product_cat-pozlacane","10":"product_tag-bajgiel","11":"product_tag-faworek","12":"product_tag-kuchnia-polska","13":"product_tag-naszyjnik","14":"product_tag-obwarzanek","15":"product_tag-oscypek","16":"product_tag-polskie-jedzenie","17":"product_tag-slask","18":"product_tag-zawieszka","20":"first","21":"instock","22":"featured","23":"taxable","24":"shipping-taxable","25":"purchasable","26":"product-type-variable","27":"has-default-attributes"},"jetpack_sharing_enabled":true,"_links":{"self":[{"href":"https:\/\/www.hetmanjewelry.com\/en\/wp-json\/wp\/v2\/product\/1955","targetHints":{"allow":["GET"]}}],"collection":[{"href":"https:\/\/www.hetmanjewelry.com\/en\/wp-json\/wp\/v2\/product"}],"about":[{"href":"https:\/\/www.hetmanjewelry.com\/en\/wp-json\/wp\/v2\/types\/product"}],"wp:featuredmedia":[{"embeddable":true,"href":"https:\/\/www.hetmanjewelry.com\/en\/wp-json\/wp\/v2\/media\/1998"}],"wp:attachment":[{"href":"https:\/\/www.hetmanjewelry.com\/en\/wp-json\/wp\/v2\/media?parent=1955"}],"wp:term":[{"taxonomy":"product_brand","embeddable":true,"href":"https:\/\/www.hetmanjewelry.com\/en\/wp-json\/wp\/v2\/product_brand?post=1955"},{"taxonomy":"product_cat","embeddable":true,"href":"https:\/\/www.hetmanjewelry.com\/en\/wp-json\/wp\/v2\/product_cat?post=1955"},{"taxonomy":"product_tag","embeddable":true,"href":"https:\/\/www.hetmanjewelry.com\/en\/wp-json\/wp\/v2\/product_tag?post=1955"}],"curies":[{"name":"wp","href":"https:\/\/api.w.org\/{rel}","templated":true}]}}