{"id":1940,"date":"2024-04-14T11:19:10","date_gmt":"2024-04-14T09:19:10","guid":{"rendered":"https:\/\/www.hetmanjewelry.com\/?post_type=product&#038;p=1940"},"modified":"2026-04-01T22:34:47","modified_gmt":"2026-04-01T20:34:47","slug":"kawa-naszyjnik-z-lancuszkiem","status":"publish","type":"product","link":"https:\/\/www.hetmanjewelry.com\/en\/product\/kawa-naszyjnik-z-lancuszkiem\/","title":{"rendered":"Kawa naszyjnik z \u0142a\u0144cuszkiem"},"content":{"rendered":"<p><strong>Prezent?<\/strong>\u00a0Dodaj informacj\u0119 przy sk\u0142adaniu zam\u00f3wienia, a do\u0142\u0105czymy torebk\u0119 prezentow\u0105 gratis.<br \/>\n<strong>Wys\u0142a\u0107 pod wskazany adres?<\/strong>\u00a0Napisz a do\u0142\u0105czymy do prezentu Twoj\u0105 dedykacj\u0119<\/p>","protected":false},"excerpt":{"rendered":"<p>Osobisty amulet, kt\u00f3ry dodaje energii ka\u017cdego poranka. Klasyczny naszyjnik z zawieszk\u0105 w kszta\u0142cie ziarna kawy to esencja minimalizmu. Wykonany ze srebra pr\u00f3by 925. Subtelna forma o g\u0142adkiej i l\u015bni\u0105cej powierzchni. Zawieszony na delikatnym, regulowanym \u0142a\u0144cuszku, idealnie uk\u0142ada si\u0119 na dekolcie, stanowi\u0105c dyskretn\u0105 deklaracj\u0119 mi\u0142o\u015bci do &#8222;ma\u0142ej czarnej&#8221;. To bi\u017cuteria ponadczasowa \u2013 doskona\u0142y prezent dla ka\u017cdej kawoszki, kt\u00f3ra ceni szlachetne materia\u0142y i prostot\u0119 polskiego designu.<\/p>\n<p>Wielko\u015bci kawy 1:1 <span class=\"s1\">\u25cb<\/span> Regulowany \u0142a\u0144cuszek 40-45 cm <span class=\"s1\">\u25cb<\/span> Silver 925 <span class=\"s1\">\u25cb<\/span> Srebro poz\u0142acane 24-karatowym z\u0142otem<\/p>","protected":false},"featured_media":1984,"template":"","meta":[],"product_brand":[],"product_cat":[102,45,31,65],"product_tag":[103,46,47],"class_list":{"0":"post-1940","1":"product","2":"type-product","3":"status-publish","4":"has-post-thumbnail","6":"product_cat-kawa","7":"product_cat-naszyjniki","8":"product_cat-pozlacane","9":"product_cat-smaki-swiata","10":"product_tag-kawa","11":"product_tag-naszyjnik","12":"product_tag-zawieszka","14":"first","15":"outofstock","16":"taxable","17":"shipping-taxable","18":"purchasable","19":"product-type-variable","20":"has-default-attributes"},"jetpack_sharing_enabled":true,"_links":{"self":[{"href":"https:\/\/www.hetmanjewelry.com\/en\/wp-json\/wp\/v2\/product\/1940","targetHints":{"allow":["GET"]}}],"collection":[{"href":"https:\/\/www.hetmanjewelry.com\/en\/wp-json\/wp\/v2\/product"}],"about":[{"href":"https:\/\/www.hetmanjewelry.com\/en\/wp-json\/wp\/v2\/types\/product"}],"wp:featuredmedia":[{"embeddable":true,"href":"https:\/\/www.hetmanjewelry.com\/en\/wp-json\/wp\/v2\/media\/1984"}],"wp:attachment":[{"href":"https:\/\/www.hetmanjewelry.com\/en\/wp-json\/wp\/v2\/media?parent=1940"}],"wp:term":[{"taxonomy":"product_brand","embeddable":true,"href":"https:\/\/www.hetmanjewelry.com\/en\/wp-json\/wp\/v2\/product_brand?post=1940"},{"taxonomy":"product_cat","embeddable":true,"href":"https:\/\/www.hetmanjewelry.com\/en\/wp-json\/wp\/v2\/product_cat?post=1940"},{"taxonomy":"product_tag","embeddable":true,"href":"https:\/\/www.hetmanjewelry.com\/en\/wp-json\/wp\/v2\/product_tag?post=1940"}],"curies":[{"name":"wp","href":"https:\/\/api.w.org\/{rel}","templated":true}]}}