{"id":19312,"date":"2026-03-31T22:34:44","date_gmt":"2026-03-31T20:34:44","guid":{"rendered":"https:\/\/www.hetmanjewelry.com\/?post_type=product&#038;p=19312"},"modified":"2026-04-01T04:05:50","modified_gmt":"2026-04-01T02:05:50","slug":"obwarzanki-kolczyki-srebro-pozlacane","status":"publish","type":"product","link":"https:\/\/www.hetmanjewelry.com\/en\/product\/obwarzanki-kolczyki-srebro-pozlacane\/","title":{"rendered":"Obwarzanki kolczyki srebro poz\u0142acane"},"content":{"rendered":"<p><strong>Prezent?\u00a0<\/strong>Dodaj informacj\u0119 przy sk\u0142adaniu zam\u00f3wienia, a do\u0142\u0105czymy torebk\u0119 prezentow\u0105 gratis.<br \/>\n<strong>Chcesz wys\u0142a\u0107 prezent pod wskazany adres?\u00a0<\/strong>\u00a0Napisz a do\u0142\u0105czymy do prezentu Twoj\u0105 dedykacj\u0119.<\/p>","protected":false},"excerpt":{"rendered":"<p class=\"p1\">Kultowy symbol Krakowa w formie uroczych kolczyk\u00f3w. Nasze obwarzanki wykonane ze srebra 925 zachwycaj\u0105 precyzyjnym splotem, przypominaj\u0105cym te prosto z krakowskiego rynku. Idealne jako pami\u0105tka z Krakowa lub prezent dla osoby kochaj\u0105cej to miasto. Lekkie, zabawne i niezwykle eleganckie.<\/p>\n<p>\u015arednica 10 mm \u25cb Srebro poz\u0142acane 24-karatowym z\u0142otem<\/p>","protected":false},"featured_media":1884,"template":"","meta":[],"product_brand":[],"product_cat":[38,30,90,31],"product_tag":[91,34,66,92,69],"class_list":{"0":"post-19312","1":"product","2":"type-product","3":"status-publish","4":"has-post-thumbnail","6":"product_cat-polishfood","7":"product_cat-kolczyki","8":"product_cat-obwarzanki","9":"product_cat-pozlacane","10":"product_tag-bajgiel","11":"product_tag-kolczyki","12":"product_tag-kuchnia-polska","13":"product_tag-obwarzanek","14":"product_tag-polskie-jedzenie","16":"first","17":"instock","18":"taxable","19":"shipping-taxable","20":"purchasable","21":"product-type-simple"},"jetpack_sharing_enabled":true,"_links":{"self":[{"href":"https:\/\/www.hetmanjewelry.com\/en\/wp-json\/wp\/v2\/product\/19312","targetHints":{"allow":["GET"]}}],"collection":[{"href":"https:\/\/www.hetmanjewelry.com\/en\/wp-json\/wp\/v2\/product"}],"about":[{"href":"https:\/\/www.hetmanjewelry.com\/en\/wp-json\/wp\/v2\/types\/product"}],"wp:featuredmedia":[{"embeddable":true,"href":"https:\/\/www.hetmanjewelry.com\/en\/wp-json\/wp\/v2\/media\/1884"}],"wp:attachment":[{"href":"https:\/\/www.hetmanjewelry.com\/en\/wp-json\/wp\/v2\/media?parent=19312"}],"wp:term":[{"taxonomy":"product_brand","embeddable":true,"href":"https:\/\/www.hetmanjewelry.com\/en\/wp-json\/wp\/v2\/product_brand?post=19312"},{"taxonomy":"product_cat","embeddable":true,"href":"https:\/\/www.hetmanjewelry.com\/en\/wp-json\/wp\/v2\/product_cat?post=19312"},{"taxonomy":"product_tag","embeddable":true,"href":"https:\/\/www.hetmanjewelry.com\/en\/wp-json\/wp\/v2\/product_tag?post=19312"}],"curies":[{"name":"wp","href":"https:\/\/api.w.org\/{rel}","templated":true}]}}