{"id":19295,"date":"2026-03-31T21:27:26","date_gmt":"2026-03-31T19:27:26","guid":{"rendered":"https:\/\/www.hetmanjewelry.com\/?post_type=product&#038;p=19295"},"modified":"2026-04-01T03:41:53","modified_gmt":"2026-04-01T01:41:53","slug":"pierogi-kolczyki-duze-srebro-pozlacane","status":"publish","type":"product","link":"https:\/\/www.hetmanjewelry.com\/en\/product\/pierogi-kolczyki-duze-srebro-pozlacane\/","title":{"rendered":"Pierogi kolczyki du\u017ce srebro poz\u0142acane"},"content":{"rendered":"<p><strong>Prezent?\u00a0<\/strong>Dodaj informacj\u0119 przy sk\u0142adaniu zam\u00f3wienia, a do\u0142\u0105czymy torebk\u0119 prezentow\u0105 gratis.<br \/>\n<strong>Chcesz wys\u0142a\u0107 prezent pod wskazany adres?\u00a0<\/strong>\u00a0Napisz a do\u0142\u0105czymy do prezentu Twoj\u0105 dedykacj\u0119.<\/p>","protected":false},"excerpt":{"rendered":"<p>Odwa\u017cna bi\u017cuteria dla tych, kt\u00f3rzy kochaj\u0105 pierogi ca\u0142ym sercem! Du\u017ce kolczyki z motywem pieroga to wyrazisty akcent, kt\u00f3ry zdominuje ka\u017cd\u0105 stylizacj\u0119. Pomimo wi\u0119kszego rozmiaru, wykonane ze srebra 925 poz\u0142oconego 24-karatowym z\u0142otem s\u0105 komfortowe w noszeniu. Idealne na prezent dla szefowej kuchni lub jako pami\u0105tkowy prezent z wizyty w Polsce.<\/p>\n<p>\u015arednica 16 mm \u25cb Srebro poz\u0142acane 24-karatowym z\u0142otem<\/p>","protected":false},"featured_media":6146,"template":"","meta":[],"product_brand":[],"product_cat":[38,30,83,31],"product_tag":[34,66,67,68,69],"class_list":{"0":"post-19295","1":"product","2":"type-product","3":"status-publish","4":"has-post-thumbnail","6":"product_cat-polishfood","7":"product_cat-kolczyki","8":"product_cat-pierogi","9":"product_cat-pozlacane","10":"product_tag-kolczyki","11":"product_tag-kuchnia-polska","12":"product_tag-pierog","13":"product_tag-pierogi","14":"product_tag-polskie-jedzenie","16":"first","17":"instock","18":"featured","19":"taxable","20":"shipping-taxable","21":"purchasable","22":"product-type-simple"},"jetpack_sharing_enabled":true,"_links":{"self":[{"href":"https:\/\/www.hetmanjewelry.com\/en\/wp-json\/wp\/v2\/product\/19295","targetHints":{"allow":["GET"]}}],"collection":[{"href":"https:\/\/www.hetmanjewelry.com\/en\/wp-json\/wp\/v2\/product"}],"about":[{"href":"https:\/\/www.hetmanjewelry.com\/en\/wp-json\/wp\/v2\/types\/product"}],"wp:featuredmedia":[{"embeddable":true,"href":"https:\/\/www.hetmanjewelry.com\/en\/wp-json\/wp\/v2\/media\/6146"}],"wp:attachment":[{"href":"https:\/\/www.hetmanjewelry.com\/en\/wp-json\/wp\/v2\/media?parent=19295"}],"wp:term":[{"taxonomy":"product_brand","embeddable":true,"href":"https:\/\/www.hetmanjewelry.com\/en\/wp-json\/wp\/v2\/product_brand?post=19295"},{"taxonomy":"product_cat","embeddable":true,"href":"https:\/\/www.hetmanjewelry.com\/en\/wp-json\/wp\/v2\/product_cat?post=19295"},{"taxonomy":"product_tag","embeddable":true,"href":"https:\/\/www.hetmanjewelry.com\/en\/wp-json\/wp\/v2\/product_tag?post=19295"}],"curies":[{"name":"wp","href":"https:\/\/api.w.org\/{rel}","templated":true}]}}