{"id":19285,"date":"2026-03-31T20:56:21","date_gmt":"2026-03-31T18:56:21","guid":{"rendered":"https:\/\/www.hetmanjewelry.com\/?post_type=product&#038;p=19285"},"modified":"2026-04-01T03:03:24","modified_gmt":"2026-04-01T01:03:24","slug":"pierogi-kolczyki-i-srebro","status":"publish","type":"product","link":"https:\/\/www.hetmanjewelry.com\/en\/product\/pierogi-kolczyki-i-srebro\/","title":{"rendered":"Pierogi kolczyki I srebro"},"content":{"rendered":"","protected":false},"excerpt":{"rendered":"<p>\u015arednica 10 mm<br \/>\nSilver 925<\/p>\n<p>Klasyczne kolczyki sztyfty w kszta\u0142cie pierog\u00f3w, wykonane z najwy\u017cszej jako\u015bci srebra. Precyzyjne odwzorowanie falbanek ciasta nadaje im artystycznego charakteru. To bi\u017cuteria, kt\u00f3ra nie tylko zdobi, ale staje si\u0119 tematem do rozm\u00f3w. Lekkie, wygodne i absolutnie niepowtarzalne \u2013 must-have dla ka\u017cdej mi\u0142o\u015bniczki pierog\u00f3w.<\/p>\n<p><strong>Prezent?<\/strong> Dodaj informacj\u0119 przy sk\u0142adaniu zam\u00f3wienia, a do\u0142\u0105czymy torebk\u0119 prezentow\u0105 gratis.<br \/>\n<strong>Chcesz wys\u0142a\u0107 prezent pod wskazany adres?<\/strong> Napisz a do\u0142\u0105czymy do prezentu Twoj\u0105 dedykacj\u0119.<\/p>","protected":false},"featured_media":2057,"template":"","meta":[],"product_brand":[],"product_cat":[38,30,83,31],"product_tag":[34,66,67,68,69],"class_list":{"0":"post-19285","1":"product","2":"type-product","3":"status-publish","4":"has-post-thumbnail","6":"product_cat-polishfood","7":"product_cat-kolczyki","8":"product_cat-pierogi","9":"product_cat-pozlacane","10":"product_tag-kolczyki","11":"product_tag-kuchnia-polska","12":"product_tag-pierog","13":"product_tag-pierogi","14":"product_tag-polskie-jedzenie","16":"first","17":"instock","18":"featured","19":"taxable","20":"shipping-taxable","21":"purchasable","22":"product-type-simple"},"jetpack_sharing_enabled":true,"_links":{"self":[{"href":"https:\/\/www.hetmanjewelry.com\/en\/wp-json\/wp\/v2\/product\/19285","targetHints":{"allow":["GET"]}}],"collection":[{"href":"https:\/\/www.hetmanjewelry.com\/en\/wp-json\/wp\/v2\/product"}],"about":[{"href":"https:\/\/www.hetmanjewelry.com\/en\/wp-json\/wp\/v2\/types\/product"}],"wp:featuredmedia":[{"embeddable":true,"href":"https:\/\/www.hetmanjewelry.com\/en\/wp-json\/wp\/v2\/media\/2057"}],"wp:attachment":[{"href":"https:\/\/www.hetmanjewelry.com\/en\/wp-json\/wp\/v2\/media?parent=19285"}],"wp:term":[{"taxonomy":"product_brand","embeddable":true,"href":"https:\/\/www.hetmanjewelry.com\/en\/wp-json\/wp\/v2\/product_brand?post=19285"},{"taxonomy":"product_cat","embeddable":true,"href":"https:\/\/www.hetmanjewelry.com\/en\/wp-json\/wp\/v2\/product_cat?post=19285"},{"taxonomy":"product_tag","embeddable":true,"href":"https:\/\/www.hetmanjewelry.com\/en\/wp-json\/wp\/v2\/product_tag?post=19285"}],"curies":[{"name":"wp","href":"https:\/\/api.w.org\/{rel}","templated":true}]}}