{"id":19185,"date":"2026-02-11T19:25:56","date_gmt":"2026-02-11T18:25:56","guid":{"rendered":"https:\/\/www.hetmanjewelry.com\/?post_type=product&#038;p=19185"},"modified":"2026-02-25T20:32:53","modified_gmt":"2026-02-25T19:32:53","slug":"muszla-naszyjnik-mala","status":"publish","type":"product","link":"https:\/\/www.hetmanjewelry.com\/en\/product\/muszla-naszyjnik-mala\/","title":{"rendered":"Muszla naszyjnik ma\u0142a"},"content":{"rendered":"","protected":false},"excerpt":{"rendered":"<p><strong>Naszyjnik Muszla<\/strong><\/p>\n<p>z naszyjnikiem d\u0142ugo\u015b\u0107 regulowana od 40 do 45 cm<\/p>\n<p>&nbsp;<\/p>\n<p><strong>Gift wrap? Add information when ordering.<\/strong><\/p>\n<p>If you want to send a gift directly to a specified address, we can include your dedication with the gift.<\/p>","protected":false},"featured_media":19173,"template":"","meta":[],"product_brand":[],"product_cat":[346,137,31],"product_tag":[],"class_list":{"0":"post-19185","1":"product","2":"type-product","3":"status-publish","4":"has-post-thumbnail","6":"product_cat-biophilia","7":"product_cat-nowosci","8":"product_cat-pozlacane","10":"first","11":"instock","12":"taxable","13":"shipping-taxable","14":"purchasable","15":"product-type-variable"},"jetpack_sharing_enabled":true,"_links":{"self":[{"href":"https:\/\/www.hetmanjewelry.com\/en\/wp-json\/wp\/v2\/product\/19185","targetHints":{"allow":["GET"]}}],"collection":[{"href":"https:\/\/www.hetmanjewelry.com\/en\/wp-json\/wp\/v2\/product"}],"about":[{"href":"https:\/\/www.hetmanjewelry.com\/en\/wp-json\/wp\/v2\/types\/product"}],"wp:featuredmedia":[{"embeddable":true,"href":"https:\/\/www.hetmanjewelry.com\/en\/wp-json\/wp\/v2\/media\/19173"}],"wp:attachment":[{"href":"https:\/\/www.hetmanjewelry.com\/en\/wp-json\/wp\/v2\/media?parent=19185"}],"wp:term":[{"taxonomy":"product_brand","embeddable":true,"href":"https:\/\/www.hetmanjewelry.com\/en\/wp-json\/wp\/v2\/product_brand?post=19185"},{"taxonomy":"product_cat","embeddable":true,"href":"https:\/\/www.hetmanjewelry.com\/en\/wp-json\/wp\/v2\/product_cat?post=19185"},{"taxonomy":"product_tag","embeddable":true,"href":"https:\/\/www.hetmanjewelry.com\/en\/wp-json\/wp\/v2\/product_tag?post=19185"}],"curies":[{"name":"wp","href":"https:\/\/api.w.org\/{rel}","templated":true}]}}