{"id":19146,"date":"2026-02-11T18:35:39","date_gmt":"2026-02-11T17:35:39","guid":{"rendered":"https:\/\/www.hetmanjewelry.com\/?post_type=product&#038;p=19146"},"modified":"2026-03-24T12:29:11","modified_gmt":"2026-03-24T11:29:11","slug":"kolczyki-muszle-baltyk-duze-2","status":"publish","type":"product","link":"https:\/\/www.hetmanjewelry.com\/en\/product\/kolczyki-muszle-baltyk-duze-2\/","title":{"rendered":"Kolczyki muszle Ba\u0142tyk du\u017ce"},"content":{"rendered":"","protected":false},"excerpt":{"rendered":"<p>Kolczyki Muszle z Ba\u0142tyku<\/p>\n<p>Srebro poz\u0142acane 24-karatowym z\u0142otem<\/p>\n<p>&nbsp;<\/p>\n<p>Kolczyki muszle powsta\u0142y z odlewu prawdziwych muszli zebranych przeze mnie nad Ba\u0142tykiem. Jestem zdania, \u017ce nie ma potrzeby poprawiania natury. Dlatego zamiast tworzy\u0107 wz\u00f3r inspirowany muszlami chcia\u0142am, aby\u015b mog\u0142a mie\u0107 cz\u0119\u015b\u0107 Ba\u0142tyku i natury zawsze przy sobie.<\/p>","protected":false},"featured_media":19147,"template":"","meta":[],"product_brand":[],"product_cat":[346,137],"product_tag":[],"class_list":{"0":"post-19146","1":"product","2":"type-product","3":"status-publish","4":"has-post-thumbnail","6":"product_cat-biophilia","7":"product_cat-nowosci","9":"first","10":"instock","11":"taxable","12":"shipping-taxable","13":"purchasable","14":"product-type-simple"},"jetpack_sharing_enabled":true,"_links":{"self":[{"href":"https:\/\/www.hetmanjewelry.com\/en\/wp-json\/wp\/v2\/product\/19146","targetHints":{"allow":["GET"]}}],"collection":[{"href":"https:\/\/www.hetmanjewelry.com\/en\/wp-json\/wp\/v2\/product"}],"about":[{"href":"https:\/\/www.hetmanjewelry.com\/en\/wp-json\/wp\/v2\/types\/product"}],"wp:featuredmedia":[{"embeddable":true,"href":"https:\/\/www.hetmanjewelry.com\/en\/wp-json\/wp\/v2\/media\/19147"}],"wp:attachment":[{"href":"https:\/\/www.hetmanjewelry.com\/en\/wp-json\/wp\/v2\/media?parent=19146"}],"wp:term":[{"taxonomy":"product_brand","embeddable":true,"href":"https:\/\/www.hetmanjewelry.com\/en\/wp-json\/wp\/v2\/product_brand?post=19146"},{"taxonomy":"product_cat","embeddable":true,"href":"https:\/\/www.hetmanjewelry.com\/en\/wp-json\/wp\/v2\/product_cat?post=19146"},{"taxonomy":"product_tag","embeddable":true,"href":"https:\/\/www.hetmanjewelry.com\/en\/wp-json\/wp\/v2\/product_tag?post=19146"}],"curies":[{"name":"wp","href":"https:\/\/api.w.org\/{rel}","templated":true}]}}