{"id":1893,"date":"2024-04-14T11:14:42","date_gmt":"2024-04-14T09:14:42","guid":{"rendered":"https:\/\/www.hetmanjewelry.com\/?post_type=product&#038;p=1893"},"modified":"2026-02-25T21:26:55","modified_gmt":"2026-02-25T20:26:55","slug":"line-mix","status":"publish","type":"product","link":"https:\/\/www.hetmanjewelry.com\/en\/product\/line-mix\/","title":{"rendered":"line mix"},"content":{"rendered":"","protected":false},"excerpt":{"rendered":"<p><strong>Minimalistyczne kolczyki wkr\u0119tki Line<\/strong><\/p>\n<p>Delikatny dodatek do codziennej stylizacji.<\/p>\n<p>Srebro pr\u00f3by 925.<\/p>\n<p>W wersji srebro i srebro poz\u0142acane 24-karatowym z\u0142otem.<\/p>\n<p>Wzory mo\u017cna dowolnie miksowa\u0107, wystarczy, \u017ce w opisie napiszesz, \u017ce chcesz np. Line II i Line III<\/p>\n<p><strong>W tej zak\u0142adce mo\u017cesz zakupi\u0107 pojedynczy kolczyk!<\/strong><\/p>\n<p>w zak\u0142adce : minimale mo\u017cesz zakupi\u0107 komplet lub dowolny mix.<\/p>\n<p>&nbsp;<\/p>\n<p>Line I &#8211; I zdj\u0119cie<\/p>\n<p>Line II &#8211; II zdj\u0119cie<\/p>\n<p>Line III &#8211; III zdj\u0119cie<\/p>\n<p>W tej zak\u0142adce mo\u017cesz dokupi\u0107 jedn\u0105 wybran\u0105 sztuk\u0119.<\/p>\n<p>&nbsp;<\/p>\n<p><strong>Gift wrap? Add information when ordering.<\/strong><\/p>\n<p>If you want to send a gift directly to a specified address, we can include your dedication with the gift.<\/p>","protected":false},"featured_media":1945,"template":"","meta":[],"product_brand":[],"product_cat":[30,44,31],"product_tag":[34],"class_list":{"0":"post-1893","1":"product","2":"type-product","3":"status-publish","4":"has-post-thumbnail","6":"product_cat-kolczyki","7":"product_cat-minimale","8":"product_cat-pozlacane","9":"product_tag-kolczyki","11":"first","12":"instock","13":"taxable","14":"shipping-taxable","15":"purchasable","16":"product-type-variable","17":"has-default-attributes"},"jetpack_sharing_enabled":true,"_links":{"self":[{"href":"https:\/\/www.hetmanjewelry.com\/en\/wp-json\/wp\/v2\/product\/1893","targetHints":{"allow":["GET"]}}],"collection":[{"href":"https:\/\/www.hetmanjewelry.com\/en\/wp-json\/wp\/v2\/product"}],"about":[{"href":"https:\/\/www.hetmanjewelry.com\/en\/wp-json\/wp\/v2\/types\/product"}],"wp:featuredmedia":[{"embeddable":true,"href":"https:\/\/www.hetmanjewelry.com\/en\/wp-json\/wp\/v2\/media\/1945"}],"wp:attachment":[{"href":"https:\/\/www.hetmanjewelry.com\/en\/wp-json\/wp\/v2\/media?parent=1893"}],"wp:term":[{"taxonomy":"product_brand","embeddable":true,"href":"https:\/\/www.hetmanjewelry.com\/en\/wp-json\/wp\/v2\/product_brand?post=1893"},{"taxonomy":"product_cat","embeddable":true,"href":"https:\/\/www.hetmanjewelry.com\/en\/wp-json\/wp\/v2\/product_cat?post=1893"},{"taxonomy":"product_tag","embeddable":true,"href":"https:\/\/www.hetmanjewelry.com\/en\/wp-json\/wp\/v2\/product_tag?post=1893"}],"curies":[{"name":"wp","href":"https:\/\/api.w.org\/{rel}","templated":true}]}}