{"id":18412,"date":"2025-11-23T18:31:00","date_gmt":"2025-11-23T17:31:00","guid":{"rendered":"https:\/\/www.hetmanjewelry.com\/?post_type=product&#038;p=18412"},"modified":"2026-02-25T21:32:06","modified_gmt":"2026-02-25T20:32:06","slug":"sygnet-forma-mosiadz-pozlacany","status":"publish","type":"product","link":"https:\/\/www.hetmanjewelry.com\/en\/product\/sygnet-forma-mosiadz-pozlacany\/","title":{"rendered":"Sygnet forma mosi\u0105dz poz\u0142acany"},"content":{"rendered":"","protected":false},"excerpt":{"rendered":"<p>mosi\u0105dz poz\u0142acany<\/p>\n<p>wykonanie w ci\u0105gu 14 dni roboczych.<\/p>\n<p><strong>Rozmiar pier\u015bcionka oraz wyb\u00f3r wersji dodaj w polu &#8222;uwagi do zam\u00f3wienia&#8221; przy sk\u0142adaniu zam\u00f3wienia.<\/strong><\/p>\n<p><strong>Tutaj mo\u017cesz sprawdzi\u0107 tabel\u0119 rozmiar\u00f3w pier\u015bcionk\u00f3w\u00a0<a href=\"https:\/\/www.hetmanjewelry.com\/tabela-rozmiarow\/\">TABELA ROZMIAR\u00d3W<\/a><\/strong><\/p>\n<p>&nbsp;<\/p>\n<p class=\"p1\"><strong><span class=\"s1\">Hungry for design, people of humor and distance, cooking and eating, help yourself and (show off) the best!\u00a0<\/span><\/strong><\/p>\n<p><strong>Gift wrap? Add information when ordering.<\/strong><\/p>\n<p>If you want to send a gift directly to a specified address, we can include your dedication with the gift.<\/p>\n<p class=\"p1\"><strong><span class=\"s1\">Smacznego!<\/span><\/strong><\/p>","protected":false},"featured_media":2503,"template":"","meta":[],"product_brand":[],"product_cat":[19],"product_tag":[66,46,67,68,69,47],"class_list":{"0":"post-18412","1":"product","2":"type-product","3":"status-publish","4":"has-post-thumbnail","6":"product_cat-bez-kategorii","7":"product_tag-kuchnia-polska","8":"product_tag-naszyjnik","9":"product_tag-pierog","10":"product_tag-pierogi","11":"product_tag-polskie-jedzenie","12":"product_tag-zawieszka","14":"first","15":"instock","16":"featured","17":"taxable","18":"shipping-taxable","19":"purchasable","20":"product-type-simple"},"jetpack_sharing_enabled":true,"_links":{"self":[{"href":"https:\/\/www.hetmanjewelry.com\/en\/wp-json\/wp\/v2\/product\/18412","targetHints":{"allow":["GET"]}}],"collection":[{"href":"https:\/\/www.hetmanjewelry.com\/en\/wp-json\/wp\/v2\/product"}],"about":[{"href":"https:\/\/www.hetmanjewelry.com\/en\/wp-json\/wp\/v2\/types\/product"}],"wp:featuredmedia":[{"embeddable":true,"href":"https:\/\/www.hetmanjewelry.com\/en\/wp-json\/wp\/v2\/media\/2503"}],"wp:attachment":[{"href":"https:\/\/www.hetmanjewelry.com\/en\/wp-json\/wp\/v2\/media?parent=18412"}],"wp:term":[{"taxonomy":"product_brand","embeddable":true,"href":"https:\/\/www.hetmanjewelry.com\/en\/wp-json\/wp\/v2\/product_brand?post=18412"},{"taxonomy":"product_cat","embeddable":true,"href":"https:\/\/www.hetmanjewelry.com\/en\/wp-json\/wp\/v2\/product_cat?post=18412"},{"taxonomy":"product_tag","embeddable":true,"href":"https:\/\/www.hetmanjewelry.com\/en\/wp-json\/wp\/v2\/product_tag?post=18412"}],"curies":[{"name":"wp","href":"https:\/\/api.w.org\/{rel}","templated":true}]}}