{"id":18411,"date":"2025-11-23T18:24:58","date_gmt":"2025-11-23T17:24:58","guid":{"rendered":"https:\/\/www.hetmanjewelry.com\/?post_type=product&#038;p=18411"},"modified":"2026-02-25T20:31:57","modified_gmt":"2026-02-25T19:31:57","slug":"oscypek-duzy-bransoletka","status":"publish","type":"product","link":"https:\/\/www.hetmanjewelry.com\/en\/product\/oscypek-duzy-bransoletka\/","title":{"rendered":"Oscypek du\u017cy bransoletka"},"content":{"rendered":"","protected":false},"excerpt":{"rendered":"<p><strong>Oscypek bransoletka<\/strong><\/p>\n<p>Srebrne zapi\u0119cie z regulowan\u0105 przed\u0142u\u017ck\u0105 rozmiar 14-18 cm (mo\u017cemy wykona\u0107 d\u0142u\u017csz\u0105 przed\u0142u\u017ck\u0119)<\/p>\n<p>Silver 925<\/p>\n<p>&nbsp;<\/p>\n<p><strong>Gift wrap? Add information when ordering.<\/strong><\/p>\n<p>If you want to send a gift directly to a specified address, we can include your dedication with the gift.<\/p>","protected":false},"featured_media":18483,"template":"","meta":[],"product_brand":[],"product_cat":[38,136,88],"product_tag":[],"class_list":{"0":"post-18411","1":"product","2":"type-product","3":"status-publish","4":"has-post-thumbnail","6":"product_cat-polishfood","7":"product_cat-bransoletki","8":"product_cat-oscypki","10":"first","11":"instock","12":"taxable","13":"shipping-taxable","14":"purchasable","15":"product-type-simple"},"jetpack_sharing_enabled":true,"_links":{"self":[{"href":"https:\/\/www.hetmanjewelry.com\/en\/wp-json\/wp\/v2\/product\/18411","targetHints":{"allow":["GET"]}}],"collection":[{"href":"https:\/\/www.hetmanjewelry.com\/en\/wp-json\/wp\/v2\/product"}],"about":[{"href":"https:\/\/www.hetmanjewelry.com\/en\/wp-json\/wp\/v2\/types\/product"}],"wp:featuredmedia":[{"embeddable":true,"href":"https:\/\/www.hetmanjewelry.com\/en\/wp-json\/wp\/v2\/media\/18483"}],"wp:attachment":[{"href":"https:\/\/www.hetmanjewelry.com\/en\/wp-json\/wp\/v2\/media?parent=18411"}],"wp:term":[{"taxonomy":"product_brand","embeddable":true,"href":"https:\/\/www.hetmanjewelry.com\/en\/wp-json\/wp\/v2\/product_brand?post=18411"},{"taxonomy":"product_cat","embeddable":true,"href":"https:\/\/www.hetmanjewelry.com\/en\/wp-json\/wp\/v2\/product_cat?post=18411"},{"taxonomy":"product_tag","embeddable":true,"href":"https:\/\/www.hetmanjewelry.com\/en\/wp-json\/wp\/v2\/product_tag?post=18411"}],"curies":[{"name":"wp","href":"https:\/\/api.w.org\/{rel}","templated":true}]}}