{"id":18181,"date":"2025-07-30T19:26:05","date_gmt":"2025-07-30T17:26:05","guid":{"rendered":"https:\/\/www.hetmanjewelry.com\/?post_type=product&#038;p=18181"},"modified":"2026-02-25T20:30:48","modified_gmt":"2026-02-25T19:30:48","slug":"oscypek-ii-bransoletka-srebro-pozlacane","status":"publish","type":"product","link":"https:\/\/www.hetmanjewelry.com\/en\/product\/oscypek-ii-bransoletka-srebro-pozlacane\/","title":{"rendered":"Oscypek I bransoletka srebro poz\u0142acane"},"content":{"rendered":"","protected":false},"excerpt":{"rendered":"<p><strong>Oscypek bransoletka<\/strong><\/p>\n<p>Srebrne zapi\u0119cie z regulowan\u0105 przed\u0142u\u017ck\u0105 rozmiar 14-18 cm<\/p>\n<p>Srebro 925 poz\u0142acane 24-karatowym z\u0142otem<\/p>\n<p>&nbsp;<\/p>\n<p><strong>Gift wrap? Add information when ordering.<\/strong><\/p>\n<p>If you want to send a gift directly to a specified address, we can include your dedication with the gift.<\/p>","protected":false},"featured_media":18082,"template":"","meta":[],"product_brand":[],"product_cat":[38,136,88,31],"product_tag":[],"class_list":{"0":"post-18181","1":"product","2":"type-product","3":"status-publish","4":"has-post-thumbnail","6":"product_cat-polishfood","7":"product_cat-bransoletki","8":"product_cat-oscypki","9":"product_cat-pozlacane","11":"first","12":"instock","13":"taxable","14":"shipping-taxable","15":"purchasable","16":"product-type-simple"},"jetpack_sharing_enabled":true,"_links":{"self":[{"href":"https:\/\/www.hetmanjewelry.com\/en\/wp-json\/wp\/v2\/product\/18181","targetHints":{"allow":["GET"]}}],"collection":[{"href":"https:\/\/www.hetmanjewelry.com\/en\/wp-json\/wp\/v2\/product"}],"about":[{"href":"https:\/\/www.hetmanjewelry.com\/en\/wp-json\/wp\/v2\/types\/product"}],"wp:featuredmedia":[{"embeddable":true,"href":"https:\/\/www.hetmanjewelry.com\/en\/wp-json\/wp\/v2\/media\/18082"}],"wp:attachment":[{"href":"https:\/\/www.hetmanjewelry.com\/en\/wp-json\/wp\/v2\/media?parent=18181"}],"wp:term":[{"taxonomy":"product_brand","embeddable":true,"href":"https:\/\/www.hetmanjewelry.com\/en\/wp-json\/wp\/v2\/product_brand?post=18181"},{"taxonomy":"product_cat","embeddable":true,"href":"https:\/\/www.hetmanjewelry.com\/en\/wp-json\/wp\/v2\/product_cat?post=18181"},{"taxonomy":"product_tag","embeddable":true,"href":"https:\/\/www.hetmanjewelry.com\/en\/wp-json\/wp\/v2\/product_tag?post=18181"}],"curies":[{"name":"wp","href":"https:\/\/api.w.org\/{rel}","templated":true}]}}