{"id":18173,"date":"2025-07-22T17:15:05","date_gmt":"2025-07-22T15:15:05","guid":{"rendered":"https:\/\/www.hetmanjewelry.com\/?post_type=product&#038;p=18173"},"modified":"2025-11-07T22:39:56","modified_gmt":"2025-11-07T21:39:56","slug":"wezel-osemka-wyblinka-kolczyki-srebro","status":"publish","type":"product","link":"https:\/\/www.hetmanjewelry.com\/en\/product\/wezel-osemka-wyblinka-kolczyki-srebro\/","title":{"rendered":"W\u0119ze\u0142 \u00f3semka wyblinka kolczyki srebro"},"content":{"rendered":"","protected":false},"excerpt":{"rendered":"<p>W\u0119ze\u0142 \u00f3semka wyblinka kolczyki srebro<\/p>\n<p>srebro 925<\/p>\n<p>wielo\u015b\u0107 oko\u0142o 10 mm<\/p>","protected":false},"featured_media":18098,"template":"","meta":[],"product_brand":[],"product_cat":[341,137],"product_tag":[],"class_list":{"0":"post-18173","1":"product","2":"type-product","3":"status-publish","4":"has-post-thumbnail","6":"product_cat-klub-sportowy","7":"product_cat-nowosci","9":"first","10":"instock","11":"taxable","12":"shipping-taxable","13":"purchasable","14":"product-type-simple"},"jetpack_sharing_enabled":true,"_links":{"self":[{"href":"https:\/\/www.hetmanjewelry.com\/en\/wp-json\/wp\/v2\/product\/18173","targetHints":{"allow":["GET"]}}],"collection":[{"href":"https:\/\/www.hetmanjewelry.com\/en\/wp-json\/wp\/v2\/product"}],"about":[{"href":"https:\/\/www.hetmanjewelry.com\/en\/wp-json\/wp\/v2\/types\/product"}],"wp:featuredmedia":[{"embeddable":true,"href":"https:\/\/www.hetmanjewelry.com\/en\/wp-json\/wp\/v2\/media\/18098"}],"wp:attachment":[{"href":"https:\/\/www.hetmanjewelry.com\/en\/wp-json\/wp\/v2\/media?parent=18173"}],"wp:term":[{"taxonomy":"product_brand","embeddable":true,"href":"https:\/\/www.hetmanjewelry.com\/en\/wp-json\/wp\/v2\/product_brand?post=18173"},{"taxonomy":"product_cat","embeddable":true,"href":"https:\/\/www.hetmanjewelry.com\/en\/wp-json\/wp\/v2\/product_cat?post=18173"},{"taxonomy":"product_tag","embeddable":true,"href":"https:\/\/www.hetmanjewelry.com\/en\/wp-json\/wp\/v2\/product_tag?post=18173"}],"curies":[{"name":"wp","href":"https:\/\/api.w.org\/{rel}","templated":true}]}}