{"id":1817,"date":"2024-04-14T11:08:40","date_gmt":"2024-04-14T09:08:40","guid":{"rendered":"https:\/\/www.hetmanjewelry.com\/?post_type=product&#038;p=1817"},"modified":"2026-03-31T19:18:49","modified_gmt":"2026-03-31T17:18:49","slug":"obwarzanek-duzy-naszyjnik-z-lancuszkiem","status":"publish","type":"product","link":"https:\/\/www.hetmanjewelry.com\/en\/product\/obwarzanek-duzy-naszyjnik-z-lancuszkiem\/","title":{"rendered":"Obwarzanek du\u017cy naszyjnik z \u0142a\u0144cuszkiem"},"content":{"rendered":"","protected":false},"excerpt":{"rendered":"<p class=\"p1\"><span class=\"s1\"><strong>Obwarzanek Naszyjnik<\/strong><\/span><\/p>\n<p>Naszyjnik mo\u017cna zawiesi\u0107 przez ca\u0142o\u015b\u0107 lub na tylnym k\u00f3\u0142ku.<\/p>\n<p>Szeroko\u015b\u0107 zawieszki 1,5 cm<\/p>\n<p>Zawieszka z \u0142a\u0144cuszkiem regulowanym 40-45 cm<\/p>\n<p>Obwarzanek to jedzeniowy symbol Krakowa. Jest wytrawnym pieczywem posypanym makiem, sezamem lub sol\u0105. Kszta\u0142tem przypomina pier\u015bcie\u0144 o splocie przypominaj\u0105cym zawini\u0119ty warkocz. Pierwsze historyczne wzmianki pochodz\u0105 z XIV w.\u00a0 <span class=\"s1\">Z\u0142oty wieniec rozkoszy podniebienia. <\/span><span class=\"s1\">Warkocz Anielski. <\/span><span class=\"s1\">Kszta\u0142t przyjemno\u015bci.<\/span> Czy wiesz, \u017ce \u015brednia dzienna produkcja obwarzank\u00f3w sprzedawanych na rynku krakowskim w dni powszednie wynosi niemal 150 tysi\u0119cy sztuk?!<\/p>\n<p><strong><span class=\"s1\">Hungry for design, people of humor and distance, cooking and eating, help yourself and (show off) the best!<\/span><\/strong><\/p>\n<p><strong>Gift wrap? Add information when ordering.<\/strong><\/p>\n<p>If you want to send a gift directly to a specified address, we can include your dedication with the gift.<\/p>","protected":false},"featured_media":1885,"template":"","meta":[],"product_brand":[],"product_cat":[38,45,90,31],"product_tag":[91,66,46,92,69,47],"class_list":{"0":"post-1817","1":"product","2":"type-product","3":"status-publish","4":"has-post-thumbnail","6":"product_cat-polishfood","7":"product_cat-naszyjniki","8":"product_cat-obwarzanki","9":"product_cat-pozlacane","10":"product_tag-bajgiel","11":"product_tag-kuchnia-polska","12":"product_tag-naszyjnik","13":"product_tag-obwarzanek","14":"product_tag-polskie-jedzenie","15":"product_tag-zawieszka","17":"first","18":"instock","19":"taxable","20":"shipping-taxable","21":"purchasable","22":"product-type-variable","23":"has-default-attributes"},"jetpack_sharing_enabled":true,"_links":{"self":[{"href":"https:\/\/www.hetmanjewelry.com\/en\/wp-json\/wp\/v2\/product\/1817","targetHints":{"allow":["GET"]}}],"collection":[{"href":"https:\/\/www.hetmanjewelry.com\/en\/wp-json\/wp\/v2\/product"}],"about":[{"href":"https:\/\/www.hetmanjewelry.com\/en\/wp-json\/wp\/v2\/types\/product"}],"wp:featuredmedia":[{"embeddable":true,"href":"https:\/\/www.hetmanjewelry.com\/en\/wp-json\/wp\/v2\/media\/1885"}],"wp:attachment":[{"href":"https:\/\/www.hetmanjewelry.com\/en\/wp-json\/wp\/v2\/media?parent=1817"}],"wp:term":[{"taxonomy":"product_brand","embeddable":true,"href":"https:\/\/www.hetmanjewelry.com\/en\/wp-json\/wp\/v2\/product_brand?post=1817"},{"taxonomy":"product_cat","embeddable":true,"href":"https:\/\/www.hetmanjewelry.com\/en\/wp-json\/wp\/v2\/product_cat?post=1817"},{"taxonomy":"product_tag","embeddable":true,"href":"https:\/\/www.hetmanjewelry.com\/en\/wp-json\/wp\/v2\/product_tag?post=1817"}],"curies":[{"name":"wp","href":"https:\/\/api.w.org\/{rel}","templated":true}]}}