{"id":1815,"date":"2024-04-14T11:08:40","date_gmt":"2024-04-14T09:08:40","guid":{"rendered":"https:\/\/www.hetmanjewelry.com\/?post_type=product&#038;p=1815"},"modified":"2026-04-01T04:03:53","modified_gmt":"2026-04-01T02:03:53","slug":"obwarzanki-kolczyki-srebro","status":"publish","type":"product","link":"https:\/\/www.hetmanjewelry.com\/en\/product\/obwarzanki-kolczyki-srebro\/","title":{"rendered":"Obwarzanki kolczyki srebro"},"content":{"rendered":"<p><strong>Prezent?\u00a0<\/strong>Dodaj informacj\u0119 przy sk\u0142adaniu zam\u00f3wienia, a do\u0142\u0105czymy torebk\u0119 prezentow\u0105 gratis.<br \/>\n<strong>Chcesz wys\u0142a\u0107 prezent pod wskazany adres?\u00a0<\/strong>\u00a0Napisz a do\u0142\u0105czymy do prezentu Twoj\u0105 dedykacj\u0119.<\/p>","protected":false},"excerpt":{"rendered":"<p class=\"p1\">Kultowy symbol Krakowa w formie uroczych kolczyk\u00f3w. Nasze obwarzanki wykonane ze srebra 925 zachwycaj\u0105 precyzyjnym splotem, przypominaj\u0105cym te prosto z krakowskiego rynku. Idealne jako pami\u0105tka z Krakowa lub prezent dla osoby kochaj\u0105cej to miasto. Lekkie, zabawne i niezwykle eleganckie.<\/p>\n<p>\u015arednica 10 mm \u25cb Srebro 925<\/p>","protected":false},"featured_media":1883,"template":"","meta":[],"product_brand":[],"product_cat":[38,30,90,31],"product_tag":[91,34,66,92,69],"class_list":{"0":"post-1815","1":"product","2":"type-product","3":"status-publish","4":"has-post-thumbnail","6":"product_cat-polishfood","7":"product_cat-kolczyki","8":"product_cat-obwarzanki","9":"product_cat-pozlacane","10":"product_tag-bajgiel","11":"product_tag-kolczyki","12":"product_tag-kuchnia-polska","13":"product_tag-obwarzanek","14":"product_tag-polskie-jedzenie","16":"first","17":"instock","18":"taxable","19":"shipping-taxable","20":"purchasable","21":"product-type-simple"},"jetpack_sharing_enabled":true,"_links":{"self":[{"href":"https:\/\/www.hetmanjewelry.com\/en\/wp-json\/wp\/v2\/product\/1815","targetHints":{"allow":["GET"]}}],"collection":[{"href":"https:\/\/www.hetmanjewelry.com\/en\/wp-json\/wp\/v2\/product"}],"about":[{"href":"https:\/\/www.hetmanjewelry.com\/en\/wp-json\/wp\/v2\/types\/product"}],"wp:featuredmedia":[{"embeddable":true,"href":"https:\/\/www.hetmanjewelry.com\/en\/wp-json\/wp\/v2\/media\/1883"}],"wp:attachment":[{"href":"https:\/\/www.hetmanjewelry.com\/en\/wp-json\/wp\/v2\/media?parent=1815"}],"wp:term":[{"taxonomy":"product_brand","embeddable":true,"href":"https:\/\/www.hetmanjewelry.com\/en\/wp-json\/wp\/v2\/product_brand?post=1815"},{"taxonomy":"product_cat","embeddable":true,"href":"https:\/\/www.hetmanjewelry.com\/en\/wp-json\/wp\/v2\/product_cat?post=1815"},{"taxonomy":"product_tag","embeddable":true,"href":"https:\/\/www.hetmanjewelry.com\/en\/wp-json\/wp\/v2\/product_tag?post=1815"}],"curies":[{"name":"wp","href":"https:\/\/api.w.org\/{rel}","templated":true}]}}