{"id":18149,"date":"2025-07-15T22:56:28","date_gmt":"2025-07-15T20:56:28","guid":{"rendered":"https:\/\/www.hetmanjewelry.com\/?post_type=product&#038;p=18149"},"modified":"2025-11-10T11:26:27","modified_gmt":"2025-11-10T10:26:27","slug":"szekla-naszyjnik-srebro-pozlacane-2","status":"publish","type":"product","link":"https:\/\/www.hetmanjewelry.com\/en\/product\/szekla-naszyjnik-srebro-pozlacane-2\/","title":{"rendered":"szekla naszyjnik srebro poz\u0142acane"},"content":{"rendered":"","protected":false},"excerpt":{"rendered":"<p><strong>Naszyjnik szekla<br \/>\n<\/strong><\/p>\n<p>z naszyjnikiem d\u0142ugo\u015b\u0107 regulowana od 40 do 45 cm<\/p>\n<p>srebro poz\u0142acane 24-karatowym z\u0142otem<\/p>\n<p>&nbsp;<\/p>\n<p><strong>Gift wrap? Add information when ordering.<\/strong><\/p>\n<p>If you want to send a gift directly to a specified address, we can include your dedication with the gift.<\/p>","protected":false},"featured_media":18093,"template":"","meta":[],"product_brand":[],"product_cat":[341,45,137,31],"product_tag":[103,46,47],"class_list":{"0":"post-18149","1":"product","2":"type-product","3":"status-publish","4":"has-post-thumbnail","6":"product_cat-klub-sportowy","7":"product_cat-naszyjniki","8":"product_cat-nowosci","9":"product_cat-pozlacane","10":"product_tag-kawa","11":"product_tag-naszyjnik","12":"product_tag-zawieszka","14":"first","15":"instock","16":"taxable","17":"shipping-taxable","18":"purchasable","19":"product-type-simple"},"jetpack_sharing_enabled":true,"_links":{"self":[{"href":"https:\/\/www.hetmanjewelry.com\/en\/wp-json\/wp\/v2\/product\/18149","targetHints":{"allow":["GET"]}}],"collection":[{"href":"https:\/\/www.hetmanjewelry.com\/en\/wp-json\/wp\/v2\/product"}],"about":[{"href":"https:\/\/www.hetmanjewelry.com\/en\/wp-json\/wp\/v2\/types\/product"}],"wp:featuredmedia":[{"embeddable":true,"href":"https:\/\/www.hetmanjewelry.com\/en\/wp-json\/wp\/v2\/media\/18093"}],"wp:attachment":[{"href":"https:\/\/www.hetmanjewelry.com\/en\/wp-json\/wp\/v2\/media?parent=18149"}],"wp:term":[{"taxonomy":"product_brand","embeddable":true,"href":"https:\/\/www.hetmanjewelry.com\/en\/wp-json\/wp\/v2\/product_brand?post=18149"},{"taxonomy":"product_cat","embeddable":true,"href":"https:\/\/www.hetmanjewelry.com\/en\/wp-json\/wp\/v2\/product_cat?post=18149"},{"taxonomy":"product_tag","embeddable":true,"href":"https:\/\/www.hetmanjewelry.com\/en\/wp-json\/wp\/v2\/product_tag?post=18149"}],"curies":[{"name":"wp","href":"https:\/\/api.w.org\/{rel}","templated":true}]}}