{"id":18139,"date":"2025-07-15T22:39:53","date_gmt":"2025-07-15T20:39:53","guid":{"rendered":"https:\/\/www.hetmanjewelry.com\/?post_type=product&#038;p=18139"},"modified":"2026-04-01T22:26:53","modified_gmt":"2026-04-01T20:26:53","slug":"kawa-kolczyki-srebro","status":"publish","type":"product","link":"https:\/\/www.hetmanjewelry.com\/en\/product\/kawa-kolczyki-srebro\/","title":{"rendered":"Kawa kolczyki srebro"},"content":{"rendered":"<p><strong>Prezent?<\/strong>\u00a0Dodaj informacj\u0119 przy sk\u0142adaniu zam\u00f3wienia, a do\u0142\u0105czymy torebk\u0119 prezentow\u0105 gratis.<br \/>\n<strong>Wys\u0142a\u0107 pod wskazany adres?<\/strong>\u00a0Napisz a do\u0142\u0105czymy do prezentu Twoj\u0105 dedykacj\u0119<\/p>","protected":false},"excerpt":{"rendered":"<p class=\"p1\">Minimalizm w aromatycznym wydaniu. Kolczyki w kszta\u0142cie ziaren kawy to subtelny dodatek stworzony z my\u015bl\u0105 o kobietach, kt\u00f3re nie wyobra\u017caj\u0105 sobie poranka bez fili\u017canki ulubionego napoju. Wykonane ze srebra 925, zachwycaj\u0105 g\u0142adko\u015bci\u0105 i subtelnym odwzorowaniem naturalnej formy ziarna. Dzi\u0119ki swojej lekkiej formie i wygodnemu zapi\u0119ciu na sztyft, s\u0105 idealnym wyborem do biurowych stylizacji oraz na co dzie\u0144. To dyskretna deklaracja mi\u0142o\u015bci do kawy, kt\u00f3ra dodaje elegancji i energii ka\u017cdemu spojrzeniu.<\/p>\n<p>Wielko\u015bci kawy 1:1 <span class=\"s1\">\u25cb<\/span> \u00a0Silver 925<\/p>","protected":false},"featured_media":1982,"template":"","meta":[],"product_brand":[],"product_cat":[102,30,31,65],"product_tag":[103,34],"class_list":{"0":"post-18139","1":"product","2":"type-product","3":"status-publish","4":"has-post-thumbnail","6":"product_cat-kawa","7":"product_cat-kolczyki","8":"product_cat-pozlacane","9":"product_cat-smaki-swiata","10":"product_tag-kawa","11":"product_tag-kolczyki","13":"first","14":"instock","15":"taxable","16":"shipping-taxable","17":"purchasable","18":"product-type-simple"},"jetpack_sharing_enabled":true,"_links":{"self":[{"href":"https:\/\/www.hetmanjewelry.com\/en\/wp-json\/wp\/v2\/product\/18139","targetHints":{"allow":["GET"]}}],"collection":[{"href":"https:\/\/www.hetmanjewelry.com\/en\/wp-json\/wp\/v2\/product"}],"about":[{"href":"https:\/\/www.hetmanjewelry.com\/en\/wp-json\/wp\/v2\/types\/product"}],"wp:featuredmedia":[{"embeddable":true,"href":"https:\/\/www.hetmanjewelry.com\/en\/wp-json\/wp\/v2\/media\/1982"}],"wp:attachment":[{"href":"https:\/\/www.hetmanjewelry.com\/en\/wp-json\/wp\/v2\/media?parent=18139"}],"wp:term":[{"taxonomy":"product_brand","embeddable":true,"href":"https:\/\/www.hetmanjewelry.com\/en\/wp-json\/wp\/v2\/product_brand?post=18139"},{"taxonomy":"product_cat","embeddable":true,"href":"https:\/\/www.hetmanjewelry.com\/en\/wp-json\/wp\/v2\/product_cat?post=18139"},{"taxonomy":"product_tag","embeddable":true,"href":"https:\/\/www.hetmanjewelry.com\/en\/wp-json\/wp\/v2\/product_tag?post=18139"}],"curies":[{"name":"wp","href":"https:\/\/api.w.org\/{rel}","templated":true}]}}