{"id":18138,"date":"2025-07-15T22:34:29","date_gmt":"2025-07-15T20:34:29","guid":{"rendered":"https:\/\/www.hetmanjewelry.com\/?post_type=product&#038;p=18138"},"modified":"2026-04-01T22:39:49","modified_gmt":"2026-04-01T20:39:49","slug":"kawa-ii-naszyjnik-srebro","status":"publish","type":"product","link":"https:\/\/www.hetmanjewelry.com\/en\/product\/kawa-ii-naszyjnik-srebro\/","title":{"rendered":"Kawa II naszyjnik srebro"},"content":{"rendered":"<p><strong>Prezent?<\/strong>\u00a0Dodaj informacj\u0119 przy sk\u0142adaniu zam\u00f3wienia, a do\u0142\u0105czymy torebk\u0119 prezentow\u0105 gratis.<br \/>\n<strong>Wys\u0142a\u0107 pod wskazany adres?<\/strong>\u00a0Napisz a do\u0142\u0105czymy do prezentu Twoj\u0105 dedykacj\u0119<\/p>","protected":false},"excerpt":{"rendered":"<p class=\"p1\">Druga ods\u0142ona naszego bestselleru to propozycja dla os\u00f3b szukaj\u0105cych realizmu. Srebrny naszyjnik Kawa II wyr\u00f3\u017cnia si\u0119 dopracowan\u0105 tekstur\u0105 oraz wyra\u017anym p\u0119kni\u0119ciem ziarna, co nadaje mu surowego i nowoczesnego charakteru. Wykonany ze srebra 925. Stanowi idealny balans mi\u0119dzy zami\u0142owaniem do rzemios\u0142a a fascynacj\u0105 \u015bwiatem kawy speciality. To bi\u017cuteria typu <i>conversation starter<\/i>, kt\u00f3ra przyci\u0105ga wzrok i podkre\u015bla indywidualno\u015b\u0107 oraz zami\u0142owanie do unikalnych detali.<\/p>\n<p>Wielko\u015bci kawy 1:1 <span class=\"s1\">\u25cb<\/span> Regulowany \u0142a\u0144cuszek 40-45 cm <span class=\"s1\">\u25cb<\/span> Silver 925<\/p>","protected":false},"featured_media":18119,"template":"","meta":[],"product_brand":[],"product_cat":[102,45,137,31,65],"product_tag":[103,46,47],"class_list":{"0":"post-18138","1":"product","2":"type-product","3":"status-publish","4":"has-post-thumbnail","6":"product_cat-kawa","7":"product_cat-naszyjniki","8":"product_cat-nowosci","9":"product_cat-pozlacane","10":"product_cat-smaki-swiata","11":"product_tag-kawa","12":"product_tag-naszyjnik","13":"product_tag-zawieszka","15":"first","16":"instock","17":"taxable","18":"shipping-taxable","19":"purchasable","20":"product-type-simple"},"jetpack_sharing_enabled":true,"_links":{"self":[{"href":"https:\/\/www.hetmanjewelry.com\/en\/wp-json\/wp\/v2\/product\/18138","targetHints":{"allow":["GET"]}}],"collection":[{"href":"https:\/\/www.hetmanjewelry.com\/en\/wp-json\/wp\/v2\/product"}],"about":[{"href":"https:\/\/www.hetmanjewelry.com\/en\/wp-json\/wp\/v2\/types\/product"}],"wp:featuredmedia":[{"embeddable":true,"href":"https:\/\/www.hetmanjewelry.com\/en\/wp-json\/wp\/v2\/media\/18119"}],"wp:attachment":[{"href":"https:\/\/www.hetmanjewelry.com\/en\/wp-json\/wp\/v2\/media?parent=18138"}],"wp:term":[{"taxonomy":"product_brand","embeddable":true,"href":"https:\/\/www.hetmanjewelry.com\/en\/wp-json\/wp\/v2\/product_brand?post=18138"},{"taxonomy":"product_cat","embeddable":true,"href":"https:\/\/www.hetmanjewelry.com\/en\/wp-json\/wp\/v2\/product_cat?post=18138"},{"taxonomy":"product_tag","embeddable":true,"href":"https:\/\/www.hetmanjewelry.com\/en\/wp-json\/wp\/v2\/product_tag?post=18138"}],"curies":[{"name":"wp","href":"https:\/\/api.w.org\/{rel}","templated":true}]}}