{"id":1792,"date":"2024-04-14T11:05:58","date_gmt":"2024-04-14T09:05:58","guid":{"rendered":"https:\/\/www.hetmanjewelry.com\/?post_type=product&#038;p=1792"},"modified":"2025-12-16T01:29:54","modified_gmt":"2025-12-16T00:29:54","slug":"oscypek-pierscionek-srebro-pozlacane","status":"publish","type":"product","link":"https:\/\/www.hetmanjewelry.com\/en\/product\/oscypek-pierscionek-srebro-pozlacane\/","title":{"rendered":"Oscypek pier\u015bcionek srebro poz\u0142acane"},"content":{"rendered":"","protected":false},"excerpt":{"rendered":"<p><strong>Oscypek Pier\u015bcionek<\/strong><\/p>\n<p class=\"p1\">\n<p>Srebro poz\u0142acane 24-karatowym z\u0142otem<\/p>\n<p>Love, love in Zakopane with cranberries and champagne ; ) An essential element of mountain trips. A pleasure both cold and hot. Polish regional product.<\/p>\n<p><strong><span class=\"s1\">Hungry for design, people of humor and distance, cooking and eating, help yourself and (show off) the best!<\/span><\/strong><\/p>\n<p><strong>Gift wrap? Add information when ordering.<\/strong><\/p>\n<p>If you want to send a gift directly to a specified address, we can include your dedication with the gift.<\/p>\n<p>&nbsp;<\/p>\n<p><strong>W przypadku informacji: <\/strong><\/p>\n<p><strong>Produkt na zam\u00f3wienie \u2013 realizacja w ci\u0105gu 14 dni roboczych<\/strong><\/p>\n<p><strong>Rozmiar pier\u015bcionka dodaj w polu &#8222;uwagi do zam\u00f3wienia&#8221; przy sk\u0142adaniu zam\u00f3wienia.<\/strong><\/p>\n<p><strong>Tutaj mo\u017cesz sprawdzi\u0107 tabel\u0119 rozmiar\u00f3w pier\u015bcionk\u00f3w\u00a0<a href=\"https:\/\/www.hetmanjewelry.com\/tabela-rozmiarow\/\">TABELA ROZMIAR\u00d3W<\/a><\/strong><\/p>","protected":false},"featured_media":1876,"template":"","meta":[],"product_brand":[],"product_cat":[38,88,61,31],"product_tag":[66,89,62,69],"class_list":{"0":"post-1792","1":"product","2":"type-product","3":"status-publish","4":"has-post-thumbnail","6":"product_cat-polishfood","7":"product_cat-oscypki","8":"product_cat-pierscionki","9":"product_cat-pozlacane","10":"product_tag-kuchnia-polska","11":"product_tag-oscypek","12":"product_tag-pierscionek","13":"product_tag-polskie-jedzenie","15":"first","16":"outofstock","17":"taxable","18":"shipping-taxable","19":"purchasable","20":"product-type-variable"},"jetpack_sharing_enabled":true,"_links":{"self":[{"href":"https:\/\/www.hetmanjewelry.com\/en\/wp-json\/wp\/v2\/product\/1792","targetHints":{"allow":["GET"]}}],"collection":[{"href":"https:\/\/www.hetmanjewelry.com\/en\/wp-json\/wp\/v2\/product"}],"about":[{"href":"https:\/\/www.hetmanjewelry.com\/en\/wp-json\/wp\/v2\/types\/product"}],"wp:featuredmedia":[{"embeddable":true,"href":"https:\/\/www.hetmanjewelry.com\/en\/wp-json\/wp\/v2\/media\/1876"}],"wp:attachment":[{"href":"https:\/\/www.hetmanjewelry.com\/en\/wp-json\/wp\/v2\/media?parent=1792"}],"wp:term":[{"taxonomy":"product_brand","embeddable":true,"href":"https:\/\/www.hetmanjewelry.com\/en\/wp-json\/wp\/v2\/product_brand?post=1792"},{"taxonomy":"product_cat","embeddable":true,"href":"https:\/\/www.hetmanjewelry.com\/en\/wp-json\/wp\/v2\/product_cat?post=1792"},{"taxonomy":"product_tag","embeddable":true,"href":"https:\/\/www.hetmanjewelry.com\/en\/wp-json\/wp\/v2\/product_tag?post=1792"}],"curies":[{"name":"wp","href":"https:\/\/api.w.org\/{rel}","templated":true}]}}