{"id":1790,"date":"2024-04-14T11:05:58","date_gmt":"2024-04-14T09:05:58","guid":{"rendered":"https:\/\/www.hetmanjewelry.com\/?post_type=product&#038;p=1790"},"modified":"2026-03-31T19:18:33","modified_gmt":"2026-03-31T17:18:33","slug":"oscypek-duzy-naszyjnik-z-lancuszkiem-zapiecie-u-gory","status":"publish","type":"product","link":"https:\/\/www.hetmanjewelry.com\/en\/product\/oscypek-duzy-naszyjnik-z-lancuszkiem-zapiecie-u-gory\/","title":{"rendered":"Oscypek du\u017cy naszyjnik z \u0142a\u0144cuszkiem zapi\u0119cie u g\u00f3ry"},"content":{"rendered":"","protected":false},"excerpt":{"rendered":"<p><strong>Oscypek naszyjnik zapi\u0119cie u g\u00f3ry<br \/>\n<\/strong><\/p>\n<p>Zawieszka o d\u0142ugo\u015bci 1,5 cm<\/p>\n<p>Zawieszka z regulowanym \u0142a\u0144cuszkiem 40-45 cm<\/p>\n<p>Love, love in Zakopane with cranberries and champagne ; ) An essential element of mountain trips. A pleasure both cold and hot. Polish regional product.<\/p>\n<p><strong><span class=\"s1\">Hungry for design, people of humor and distance, cooking and eating, help yourself and (show off) the best!<\/span><\/strong><\/p>\n<p><strong>Gift wrap? Add information when ordering.<\/strong><\/p>\n<p>If you want to send a gift directly to a specified address, we can include your dedication with the gift.<\/p>","protected":false},"featured_media":1868,"template":"","meta":[],"product_brand":[],"product_cat":[38,45,88,31],"product_tag":[66,46,89,69,47],"class_list":{"0":"post-1790","1":"product","2":"type-product","3":"status-publish","4":"has-post-thumbnail","6":"product_cat-polishfood","7":"product_cat-naszyjniki","8":"product_cat-oscypki","9":"product_cat-pozlacane","10":"product_tag-kuchnia-polska","11":"product_tag-naszyjnik","12":"product_tag-oscypek","13":"product_tag-polskie-jedzenie","14":"product_tag-zawieszka","16":"first","17":"instock","18":"taxable","19":"shipping-taxable","20":"purchasable","21":"product-type-variable","22":"has-default-attributes"},"jetpack_sharing_enabled":true,"_links":{"self":[{"href":"https:\/\/www.hetmanjewelry.com\/en\/wp-json\/wp\/v2\/product\/1790","targetHints":{"allow":["GET"]}}],"collection":[{"href":"https:\/\/www.hetmanjewelry.com\/en\/wp-json\/wp\/v2\/product"}],"about":[{"href":"https:\/\/www.hetmanjewelry.com\/en\/wp-json\/wp\/v2\/types\/product"}],"wp:featuredmedia":[{"embeddable":true,"href":"https:\/\/www.hetmanjewelry.com\/en\/wp-json\/wp\/v2\/media\/1868"}],"wp:attachment":[{"href":"https:\/\/www.hetmanjewelry.com\/en\/wp-json\/wp\/v2\/media?parent=1790"}],"wp:term":[{"taxonomy":"product_brand","embeddable":true,"href":"https:\/\/www.hetmanjewelry.com\/en\/wp-json\/wp\/v2\/product_brand?post=1790"},{"taxonomy":"product_cat","embeddable":true,"href":"https:\/\/www.hetmanjewelry.com\/en\/wp-json\/wp\/v2\/product_cat?post=1790"},{"taxonomy":"product_tag","embeddable":true,"href":"https:\/\/www.hetmanjewelry.com\/en\/wp-json\/wp\/v2\/product_tag?post=1790"}],"curies":[{"name":"wp","href":"https:\/\/api.w.org\/{rel}","templated":true}]}}