{"id":1766,"date":"2024-04-14T11:05:17","date_gmt":"2024-04-14T09:05:17","guid":{"rendered":"https:\/\/www.hetmanjewelry.com\/?post_type=product&#038;p=1766"},"modified":"2026-04-01T20:04:02","modified_gmt":"2026-04-01T18:04:02","slug":"kluski-slaskie-kolczyki-2","status":"publish","type":"product","link":"https:\/\/www.hetmanjewelry.com\/en\/product\/kluski-slaskie-kolczyki-2\/","title":{"rendered":"Kluski \u015bl\u0105skie kolczyki"},"content":{"rendered":"<p><strong>Prezent?\u00a0<\/strong>Dodaj informacj\u0119 przy sk\u0142adaniu zam\u00f3wienia, a do\u0142\u0105czymy torebk\u0119 prezentow\u0105 gratis.<br \/>\n<strong>Chcesz wys\u0142a\u0107 prezent pod wskazany adres?\u00a0<\/strong>\u00a0Napisz a do\u0142\u0105czymy do prezentu Twoj\u0105 dedykacj\u0119.<\/p>","protected":false},"excerpt":{"rendered":"<p class=\"p1\">Poka\u017c sw\u00f3j \u015bl\u0105ski charakter w najbardziej stylowy spos\u00f3b! Te unikalne kolczyki sztyfty w kszta\u0142cie klusek \u015bl\u0105skich to ho\u0142d dla regionalnej tradycji zamkni\u0119ty w minimalistycznym formie. Ka\u017cda posiada charakterystyczn\u0105 dziurk\u0119 na sos, co nadaje im realizmu i humoru. Lekkie i komfortowe, idealnie sprawdz\u0105 si\u0119 jako prezent dla dumnej \u015al\u0105zaczki lub fanki polskiego designu z przymru\u017ceniem oka.<\/p>\n<p>\u015arednica 10 mm \u25cb Srebro 925\u00a0 \u25cb Srebro poz\u0142acane \u25cb Mosi\u0105dz poz\u0142acany<\/p>","protected":false},"featured_media":1843,"template":"","meta":[],"product_brand":[],"product_cat":[38,40,30,31,33],"product_tag":[41,42,34,66,67,68,69,35,36],"class_list":{"0":"post-1766","1":"product","2":"type-product","3":"status-publish","4":"has-post-thumbnail","6":"product_cat-polishfood","7":"product_cat-kluski-slaskie","8":"product_cat-kolczyki","9":"product_cat-pozlacane","10":"product_cat-slaskie","11":"product_tag-kluska-slaska","12":"product_tag-kluski-slaskie","13":"product_tag-kolczyki","14":"product_tag-kuchnia-polska","15":"product_tag-pierog","16":"product_tag-pierogi","17":"product_tag-polskie-jedzenie","18":"product_tag-slask","19":"product_tag-slaska","21":"first","22":"instock","23":"taxable","24":"shipping-taxable","25":"purchasable","26":"product-type-variable","27":"has-default-attributes"},"jetpack_sharing_enabled":true,"_links":{"self":[{"href":"https:\/\/www.hetmanjewelry.com\/en\/wp-json\/wp\/v2\/product\/1766","targetHints":{"allow":["GET"]}}],"collection":[{"href":"https:\/\/www.hetmanjewelry.com\/en\/wp-json\/wp\/v2\/product"}],"about":[{"href":"https:\/\/www.hetmanjewelry.com\/en\/wp-json\/wp\/v2\/types\/product"}],"wp:featuredmedia":[{"embeddable":true,"href":"https:\/\/www.hetmanjewelry.com\/en\/wp-json\/wp\/v2\/media\/1843"}],"wp:attachment":[{"href":"https:\/\/www.hetmanjewelry.com\/en\/wp-json\/wp\/v2\/media?parent=1766"}],"wp:term":[{"taxonomy":"product_brand","embeddable":true,"href":"https:\/\/www.hetmanjewelry.com\/en\/wp-json\/wp\/v2\/product_brand?post=1766"},{"taxonomy":"product_cat","embeddable":true,"href":"https:\/\/www.hetmanjewelry.com\/en\/wp-json\/wp\/v2\/product_cat?post=1766"},{"taxonomy":"product_tag","embeddable":true,"href":"https:\/\/www.hetmanjewelry.com\/en\/wp-json\/wp\/v2\/product_tag?post=1766"}],"curies":[{"name":"wp","href":"https:\/\/api.w.org\/{rel}","templated":true}]}}