{"id":1761,"date":"2024-04-14T11:05:16","date_gmt":"2024-04-14T09:05:16","guid":{"rendered":"https:\/\/www.hetmanjewelry.com\/?post_type=product&#038;p=1761"},"modified":"2025-12-16T01:24:12","modified_gmt":"2025-12-16T00:24:12","slug":"gwiazda-katowice-pierscionek","status":"publish","type":"product","link":"https:\/\/www.hetmanjewelry.com\/en\/product\/gwiazda-katowice-pierscionek\/","title":{"rendered":"Gwiazda Katowice pier\u015bcionek"},"content":{"rendered":"","protected":false},"excerpt":{"rendered":"<p><strong>Pier\u015bcionek Gwiazda<\/strong><\/p>\n<p>Silver 925<\/p>\n<p>Blokowiska to kolekcja inspirowana najbardziej rozpoznawalnymi budynkami mieszkalnymi Katowic, osiedlem\u00a0Walentego Ro\u017adzie\u0144skiego\u00a0nazywanym potocznie osiedlem Gwiazdy oraz Kukurydzami wchodz\u0105cymi w sk\u0142ad osiedla tysi\u0105clecia. Budynki s\u0105 r\u00f3wnie rozpoznawalne co sam Spodek. S\u0105 DNA miasta. Sta\u0142y si\u0119 impulsem do powstania bi\u017cuterii. Minimalizm z regionalnym zabarwieniem, dla tych z Katowic jak i z poza. Dla tych na sta\u0142e i dla tych na chwil\u0119. Dla tych, kt\u00f3rzy bi\u017cuteri\u0105 chc\u0105 wyrazi\u0107 siebie w inny spos\u00f3b ni\u017c wszyscy.<\/p>\n<p>&nbsp;<\/p>\n<p><strong>Gift wrap? Add information when ordering.<\/strong><\/p>\n<p>If you want to send a gift directly to a specified address, we can include your dedication with the gift.<\/p>\n<p><strong>Produkt wykonywany na zam\u00f3wienie<\/strong><\/p>\n<p><strong>Termin realizacji do 14 dni roboczych.\u00a0<\/strong><\/p>\n<p><strong>W przypadku braku danego rozmiaru termin realizacji do 14 dni.<\/strong><\/p>\n<p><strong>Rozmiar pier\u015bcionka dodaj w polu &#8222;uwagi do zam\u00f3wienia&#8221; przy sk\u0142adaniu zam\u00f3wienia.<\/strong><\/p>\n<p><strong>Tutaj mo\u017cesz sprawdzi\u0107 tabel\u0119 rozmiar\u00f3w pier\u015bcionk\u00f3w\u00a0<a href=\"https:\/\/www.hetmanjewelry.com\/tabela-rozmiarow\/\">TABELA ROZMIAR\u00d3W<\/a><\/strong><\/p>","protected":false},"featured_media":1829,"template":"","meta":[],"product_brand":[],"product_cat":[61,33],"product_tag":[62,35,36,37],"class_list":{"0":"post-1761","1":"product","2":"type-product","3":"status-publish","4":"has-post-thumbnail","6":"product_cat-pierscionki","7":"product_cat-slaskie","8":"product_tag-pierscionek","9":"product_tag-slask","10":"product_tag-slaska","11":"product_tag-wegiel","13":"first","14":"outofstock","15":"taxable","16":"shipping-taxable","17":"purchasable","18":"product-type-simple"},"jetpack_sharing_enabled":true,"_links":{"self":[{"href":"https:\/\/www.hetmanjewelry.com\/en\/wp-json\/wp\/v2\/product\/1761","targetHints":{"allow":["GET"]}}],"collection":[{"href":"https:\/\/www.hetmanjewelry.com\/en\/wp-json\/wp\/v2\/product"}],"about":[{"href":"https:\/\/www.hetmanjewelry.com\/en\/wp-json\/wp\/v2\/types\/product"}],"wp:featuredmedia":[{"embeddable":true,"href":"https:\/\/www.hetmanjewelry.com\/en\/wp-json\/wp\/v2\/media\/1829"}],"wp:attachment":[{"href":"https:\/\/www.hetmanjewelry.com\/en\/wp-json\/wp\/v2\/media?parent=1761"}],"wp:term":[{"taxonomy":"product_brand","embeddable":true,"href":"https:\/\/www.hetmanjewelry.com\/en\/wp-json\/wp\/v2\/product_brand?post=1761"},{"taxonomy":"product_cat","embeddable":true,"href":"https:\/\/www.hetmanjewelry.com\/en\/wp-json\/wp\/v2\/product_cat?post=1761"},{"taxonomy":"product_tag","embeddable":true,"href":"https:\/\/www.hetmanjewelry.com\/en\/wp-json\/wp\/v2\/product_tag?post=1761"}],"curies":[{"name":"wp","href":"https:\/\/api.w.org\/{rel}","templated":true}]}}