{"id":1753,"date":"2024-04-14T11:04:55","date_gmt":"2024-04-14T09:04:55","guid":{"rendered":"https:\/\/www.hetmanjewelry.com\/?post_type=product&#038;p=1753"},"modified":"2026-04-01T16:30:32","modified_gmt":"2026-04-01T14:30:32","slug":"kukurydze-katowice","status":"publish","type":"product","link":"https:\/\/www.hetmanjewelry.com\/en\/product\/kukurydze-katowice\/","title":{"rendered":"Kukurydze Katowice"},"content":{"rendered":"","protected":false},"excerpt":{"rendered":"<p><strong>Kolczyki Kukurydze<\/strong><\/p>\n<p>Silver 925<\/p>\n<p>Blokowiska to kolekcja inspirowana najbardziej rozpoznawalnymi budynkami mieszkalnymi Katowic, osiedlem\u00a0Walentego Ro\u017adzie\u0144skiego\u00a0nazywanym potocznie osiedlem Gwiazdy oraz Kukurydzami wchodz\u0105cymi w sk\u0142ad osiedla tysi\u0105clecia. Budynki s\u0105 r\u00f3wnie rozpoznawalne co sam Spodek. S\u0105 DNA miasta. Sta\u0142y si\u0119 impulsem do powstania bi\u017cuterii. Minimalizm z regionalnym zabarwieniem, dla tych z Katowic jak i z poza. Dla tych na sta\u0142e i dla tych na chwil\u0119. Dla tych, kt\u00f3rzy bi\u017cuteri\u0105 chc\u0105 wyrazi\u0107 siebie w inny spos\u00f3b ni\u017c wszyscy.<\/p>\n<p>&nbsp;<\/p>\n<p><strong>Gift wrap? Add information when ordering.<\/strong><\/p>\n<p>If you want to send a gift directly to a specified address, we can include your dedication with the gift.<\/p>\n<p>&nbsp;<\/p>\n<p><strong>Produkt dost\u0119pny stacjonarnie w:<\/strong><\/p>\n<p><strong>Pan Stanis\u0142aw z Katowic &#8211; Teatr \u015al\u0105ski<\/strong><\/p>\n<p>Rynek 10 \u00a0Katowice<\/p>\n<p>Wtorek &#8211; Sobota 12:00-20:00<\/p>","protected":false},"featured_media":1801,"template":"","meta":[],"product_brand":[],"product_cat":[30,33],"product_tag":[34,35,36],"class_list":{"0":"post-1753","1":"product","2":"type-product","3":"status-publish","4":"has-post-thumbnail","6":"product_cat-kolczyki","7":"product_cat-slaskie","8":"product_tag-kolczyki","9":"product_tag-slask","10":"product_tag-slaska","12":"first","13":"instock","14":"taxable","15":"shipping-taxable","16":"purchasable","17":"product-type-variable"},"jetpack_sharing_enabled":true,"_links":{"self":[{"href":"https:\/\/www.hetmanjewelry.com\/en\/wp-json\/wp\/v2\/product\/1753","targetHints":{"allow":["GET"]}}],"collection":[{"href":"https:\/\/www.hetmanjewelry.com\/en\/wp-json\/wp\/v2\/product"}],"about":[{"href":"https:\/\/www.hetmanjewelry.com\/en\/wp-json\/wp\/v2\/types\/product"}],"wp:featuredmedia":[{"embeddable":true,"href":"https:\/\/www.hetmanjewelry.com\/en\/wp-json\/wp\/v2\/media\/1801"}],"wp:attachment":[{"href":"https:\/\/www.hetmanjewelry.com\/en\/wp-json\/wp\/v2\/media?parent=1753"}],"wp:term":[{"taxonomy":"product_brand","embeddable":true,"href":"https:\/\/www.hetmanjewelry.com\/en\/wp-json\/wp\/v2\/product_brand?post=1753"},{"taxonomy":"product_cat","embeddable":true,"href":"https:\/\/www.hetmanjewelry.com\/en\/wp-json\/wp\/v2\/product_cat?post=1753"},{"taxonomy":"product_tag","embeddable":true,"href":"https:\/\/www.hetmanjewelry.com\/en\/wp-json\/wp\/v2\/product_tag?post=1753"}],"curies":[{"name":"wp","href":"https:\/\/api.w.org\/{rel}","templated":true}]}}