{"id":1749,"date":"2024-04-14T11:04:55","date_gmt":"2024-04-14T09:04:55","guid":{"rendered":"https:\/\/www.hetmanjewelry.com\/?post_type=product&#038;p=1749"},"modified":"2025-11-07T22:29:24","modified_gmt":"2025-11-07T21:29:24","slug":"iii","status":"publish","type":"product","link":"https:\/\/www.hetmanjewelry.com\/en\/product\/iii\/","title":{"rendered":"III"},"content":{"rendered":"","protected":false},"excerpt":{"rendered":"<p>Kolczyki z mini serii Zimowej wykonanej ze srebra z Agatem Dendrytowym.<\/p>\n<p>Zimowe pejza\u017ce zamkni\u0119te w bardzo nowoczesnej i zwariowanej formie.<\/p>\n<p>W ko\u0144cu mo\u017cna zainspirowa\u0107 si\u0119 zim\u0105 na weso\u0142o. Z u\u015bmiechem i pozytywn\u0105 energi\u0105 zawsze cieplej \ud83d\ude09<\/p>\n<p>Seria unikalna ze wzgl\u0119du na ilo\u015b\u0107 &#8211; tylko 5 par.<\/p>\n<p>Unikatowy szlif kamieni.<\/p>\n<p>Waga: 12,6 g<\/p>\n<p>D\u0142ugo\u015b\u0107: 5 cm<\/p>\n<p>Szeroko\u015b\u0107: 2 cm<\/p>\n<p>&nbsp;<\/p>\n<p><strong>Gift wrap? Add information when ordering.<\/strong><\/p>\n<p>If you want to send a gift directly to a specified address, we can include your dedication with the gift.<\/p>","protected":false},"featured_media":1796,"template":"","meta":[],"product_brand":[],"product_cat":[30,63],"product_tag":[34],"class_list":{"0":"post-1749","1":"product","2":"type-product","3":"status-publish","4":"has-post-thumbnail","6":"product_cat-kolczyki","7":"product_cat-seria-zimowa","8":"product_tag-kolczyki","10":"first","11":"outofstock","12":"taxable","13":"shipping-taxable","14":"purchasable","15":"product-type-simple"},"jetpack_sharing_enabled":true,"_links":{"self":[{"href":"https:\/\/www.hetmanjewelry.com\/en\/wp-json\/wp\/v2\/product\/1749","targetHints":{"allow":["GET"]}}],"collection":[{"href":"https:\/\/www.hetmanjewelry.com\/en\/wp-json\/wp\/v2\/product"}],"about":[{"href":"https:\/\/www.hetmanjewelry.com\/en\/wp-json\/wp\/v2\/types\/product"}],"wp:featuredmedia":[{"embeddable":true,"href":"https:\/\/www.hetmanjewelry.com\/en\/wp-json\/wp\/v2\/media\/1796"}],"wp:attachment":[{"href":"https:\/\/www.hetmanjewelry.com\/en\/wp-json\/wp\/v2\/media?parent=1749"}],"wp:term":[{"taxonomy":"product_brand","embeddable":true,"href":"https:\/\/www.hetmanjewelry.com\/en\/wp-json\/wp\/v2\/product_brand?post=1749"},{"taxonomy":"product_cat","embeddable":true,"href":"https:\/\/www.hetmanjewelry.com\/en\/wp-json\/wp\/v2\/product_cat?post=1749"},{"taxonomy":"product_tag","embeddable":true,"href":"https:\/\/www.hetmanjewelry.com\/en\/wp-json\/wp\/v2\/product_tag?post=1749"}],"curies":[{"name":"wp","href":"https:\/\/api.w.org\/{rel}","templated":true}]}}