{"id":1737,"date":"2024-04-14T11:04:16","date_gmt":"2024-04-14T09:04:16","guid":{"rendered":"https:\/\/www.hetmanjewelry.com\/?post_type=product&#038;p=1737"},"modified":"2026-02-25T20:33:21","modified_gmt":"2026-02-25T19:33:21","slug":"pierscionek-spodek-minimal","status":"publish","type":"product","link":"https:\/\/www.hetmanjewelry.com\/en\/product\/pierscionek-spodek-minimal\/","title":{"rendered":"Pier\u015bcionek Spodek Minimal"},"content":{"rendered":"","protected":false},"excerpt":{"rendered":"<p><strong>Pier\u015bcionek inspirowany kszta\u0142tem Katowickiego Spodka z w\u0119glem.<\/strong><\/p>\n<p>W szczeg\u00f3\u0142ach zam\u00f3wienia prosz\u0119 o podanie rozmiaru pier\u015bcionka.<\/p>\n<p>\u015aL\u0104SKIE to kolekcja sk\u0142adaj\u0105ca si\u0119 z symboli, kszta\u0142t\u00f3w i element\u00f3w architektury regionu wojew\u00f3dztwa \u015al\u0105skiego, kt\u00f3re s\u0105 nie tylko t\u0142em \u017cycia codziennego , ale tak\u017ce okre\u015blaj\u0105 charakter tego niezwyk\u0142ego miejsca.<\/p>\n<p><strong>Produkt na zam\u00f3wienie<\/strong><\/p>\n<p><strong>Gift wrap? Add information when ordering.<\/strong><\/p>\n<p>If you want to send a gift directly to a specified address, we can include your dedication with the gift.<\/p>","protected":false},"featured_media":1727,"template":"","meta":[],"product_brand":[],"product_cat":[19],"product_tag":[62,35,36,37],"class_list":{"0":"post-1737","1":"product","2":"type-product","3":"status-publish","4":"has-post-thumbnail","6":"product_cat-bez-kategorii","7":"product_tag-pierscionek","8":"product_tag-slask","9":"product_tag-slaska","10":"product_tag-wegiel","12":"first","13":"instock","14":"taxable","15":"shipping-taxable","16":"purchasable","17":"product-type-simple"},"jetpack_sharing_enabled":true,"_links":{"self":[{"href":"https:\/\/www.hetmanjewelry.com\/en\/wp-json\/wp\/v2\/product\/1737","targetHints":{"allow":["GET"]}}],"collection":[{"href":"https:\/\/www.hetmanjewelry.com\/en\/wp-json\/wp\/v2\/product"}],"about":[{"href":"https:\/\/www.hetmanjewelry.com\/en\/wp-json\/wp\/v2\/types\/product"}],"wp:featuredmedia":[{"embeddable":true,"href":"https:\/\/www.hetmanjewelry.com\/en\/wp-json\/wp\/v2\/media\/1727"}],"wp:attachment":[{"href":"https:\/\/www.hetmanjewelry.com\/en\/wp-json\/wp\/v2\/media?parent=1737"}],"wp:term":[{"taxonomy":"product_brand","embeddable":true,"href":"https:\/\/www.hetmanjewelry.com\/en\/wp-json\/wp\/v2\/product_brand?post=1737"},{"taxonomy":"product_cat","embeddable":true,"href":"https:\/\/www.hetmanjewelry.com\/en\/wp-json\/wp\/v2\/product_cat?post=1737"},{"taxonomy":"product_tag","embeddable":true,"href":"https:\/\/www.hetmanjewelry.com\/en\/wp-json\/wp\/v2\/product_tag?post=1737"}],"curies":[{"name":"wp","href":"https:\/\/api.w.org\/{rel}","templated":true}]}}