{"id":1672,"date":"2024-04-14T11:01:25","date_gmt":"2024-04-14T09:01:25","guid":{"rendered":"https:\/\/www.hetmanjewelry.com\/?post_type=product&#038;p=1672"},"modified":"2025-11-07T22:34:09","modified_gmt":"2025-11-07T21:34:09","slug":"naszyjnik-spodek","status":"publish","type":"product","link":"https:\/\/www.hetmanjewelry.com\/en\/product\/naszyjnik-spodek\/","title":{"rendered":"Naszyjnik spodek"},"content":{"rendered":"","protected":false},"excerpt":{"rendered":"<p><strong>Naszyjnik Spodek Katowice<\/strong><\/p>\n<p>Spodek Katowice 5 cm<br \/>\n\u0142a\u0144cuszek regulowany d\u0142ugo\u015b\u0107 45-48 cm<br \/>\nwaga ca\u0142kowita ok. 2,2 g<br \/>\nSilver 925<\/p>\n<p>\u0141a\u0144cuszek inspirowany architektur\u0105 hali widowiskowo-sportowej Spodek w Katowicach<\/p>\n<p>&nbsp;<\/p>\n<p><strong>Gift wrap? Add information when ordering.<\/strong><\/p>\n<p>If you want to send a gift directly to a specified address, we can include your dedication with the gift.<\/p>\n<p>&nbsp;<\/p>\n<p><strong>Produkt dost\u0119pny stacjonarnie w:<\/strong><\/p>\n<p><strong>Pan Stanis\u0142aw z Katowic &#8211; Teatr \u015al\u0105ski<\/strong><\/p>\n<p>Rynek 10 \u00a0Katowice<\/p>\n<p>Wtorek &#8211; Sobota 12:00-20:00<\/p>","protected":false},"featured_media":1739,"template":"","meta":[],"product_brand":[],"product_cat":[45,31,33],"product_tag":[46,35,36,37,47],"class_list":{"0":"post-1672","1":"product","2":"type-product","3":"status-publish","4":"has-post-thumbnail","6":"product_cat-naszyjniki","7":"product_cat-pozlacane","8":"product_cat-slaskie","9":"product_tag-naszyjnik","10":"product_tag-slask","11":"product_tag-slaska","12":"product_tag-wegiel","13":"product_tag-zawieszka","15":"first","16":"instock","17":"taxable","18":"shipping-taxable","19":"purchasable","20":"product-type-variable"},"jetpack_sharing_enabled":true,"_links":{"self":[{"href":"https:\/\/www.hetmanjewelry.com\/en\/wp-json\/wp\/v2\/product\/1672","targetHints":{"allow":["GET"]}}],"collection":[{"href":"https:\/\/www.hetmanjewelry.com\/en\/wp-json\/wp\/v2\/product"}],"about":[{"href":"https:\/\/www.hetmanjewelry.com\/en\/wp-json\/wp\/v2\/types\/product"}],"wp:featuredmedia":[{"embeddable":true,"href":"https:\/\/www.hetmanjewelry.com\/en\/wp-json\/wp\/v2\/media\/1739"}],"wp:attachment":[{"href":"https:\/\/www.hetmanjewelry.com\/en\/wp-json\/wp\/v2\/media?parent=1672"}],"wp:term":[{"taxonomy":"product_brand","embeddable":true,"href":"https:\/\/www.hetmanjewelry.com\/en\/wp-json\/wp\/v2\/product_brand?post=1672"},{"taxonomy":"product_cat","embeddable":true,"href":"https:\/\/www.hetmanjewelry.com\/en\/wp-json\/wp\/v2\/product_cat?post=1672"},{"taxonomy":"product_tag","embeddable":true,"href":"https:\/\/www.hetmanjewelry.com\/en\/wp-json\/wp\/v2\/product_tag?post=1672"}],"curies":[{"name":"wp","href":"https:\/\/api.w.org\/{rel}","templated":true}]}}