{"id":1655,"date":"2024-04-14T11:01:24","date_gmt":"2024-04-14T09:01:24","guid":{"rendered":"https:\/\/www.hetmanjewelry.com\/?post_type=product&#038;p=1655"},"modified":"2026-04-01T16:30:47","modified_gmt":"2026-04-01T14:30:47","slug":"spodek-katowice","status":"publish","type":"product","link":"https:\/\/www.hetmanjewelry.com\/en\/product\/spodek-katowice\/","title":{"rendered":"Spodek Katowice"},"content":{"rendered":"","protected":false},"excerpt":{"rendered":"<p><strong>Kolczyki Spodki<\/strong><\/p>\n<p><strong>Srebro pr\u00f3by 925<\/strong><\/p>\n<p>Kolczyki Spodki inspirowane s\u0105 architektur\u0105 hali widowiskowo-sportowej Spodek w Katowicach, kt\u00f3ra jest symbolem i jednym z najbardziej rozpoznawalnych budowli w regionie. Nie mog\u0142o go zabrakn\u0105\u0107 w kolekcji \u015aL\u0104SKIE.<\/p>\n<p><strong>\u015aL\u0104SKIE<\/strong> to kolekcja sk\u0142adaj\u0105ca si\u0119 z symboli, kszta\u0142t\u00f3w i element\u00f3w architektury regionu wojew\u00f3dztwa \u015al\u0105skiego, kt\u00f3re s\u0105 nie tylko t\u0142em \u017cycia codziennego , ale tak\u017ce okre\u015blaj\u0105 charakter tego niezwyk\u0142ego miejsca.<\/p>\n<p>&nbsp;<\/p>\n<p>&nbsp;<\/p>\n<p><strong>Gift wrap? Add information when ordering.<\/strong><\/p>\n<p>If you want to send a gift directly to a specified address, we can include your dedication with the gift.<\/p>\n<p>&nbsp;<\/p>\n<p><strong>Produkt dost\u0119pny stacjonarnie w:<\/strong><\/p>\n<p><strong>Pan Stanis\u0142aw z Katowic &#8211; Teatr \u015al\u0105ski<\/strong><\/p>\n<p>Rynek 10 \u00a0Katowice<\/p>\n<p>Wtorek &#8211; Sobota 12:00-20:00<\/p>","protected":false},"featured_media":1690,"template":"","meta":[],"product_brand":[],"product_cat":[30,31,33],"product_tag":[34,35,36,37],"class_list":{"0":"post-1655","1":"product","2":"type-product","3":"status-publish","4":"has-post-thumbnail","6":"product_cat-kolczyki","7":"product_cat-pozlacane","8":"product_cat-slaskie","9":"product_tag-kolczyki","10":"product_tag-slask","11":"product_tag-slaska","12":"product_tag-wegiel","14":"first","15":"instock","16":"featured","17":"taxable","18":"shipping-taxable","19":"purchasable","20":"product-type-variable"},"jetpack_sharing_enabled":true,"_links":{"self":[{"href":"https:\/\/www.hetmanjewelry.com\/en\/wp-json\/wp\/v2\/product\/1655","targetHints":{"allow":["GET"]}}],"collection":[{"href":"https:\/\/www.hetmanjewelry.com\/en\/wp-json\/wp\/v2\/product"}],"about":[{"href":"https:\/\/www.hetmanjewelry.com\/en\/wp-json\/wp\/v2\/types\/product"}],"wp:featuredmedia":[{"embeddable":true,"href":"https:\/\/www.hetmanjewelry.com\/en\/wp-json\/wp\/v2\/media\/1690"}],"wp:attachment":[{"href":"https:\/\/www.hetmanjewelry.com\/en\/wp-json\/wp\/v2\/media?parent=1655"}],"wp:term":[{"taxonomy":"product_brand","embeddable":true,"href":"https:\/\/www.hetmanjewelry.com\/en\/wp-json\/wp\/v2\/product_brand?post=1655"},{"taxonomy":"product_cat","embeddable":true,"href":"https:\/\/www.hetmanjewelry.com\/en\/wp-json\/wp\/v2\/product_cat?post=1655"},{"taxonomy":"product_tag","embeddable":true,"href":"https:\/\/www.hetmanjewelry.com\/en\/wp-json\/wp\/v2\/product_tag?post=1655"}],"curies":[{"name":"wp","href":"https:\/\/api.w.org\/{rel}","templated":true}]}}