{"id":5858,"date":"2024-06-06T00:18:30","date_gmt":"2024-06-05T22:18:30","guid":{"rendered":"https:\/\/www.hetmanjewelry.com\/?page_id=5858"},"modified":"2024-06-06T18:30:47","modified_gmt":"2024-06-06T16:30:47","slug":"praktyczny-poradnik","status":"publish","type":"page","link":"https:\/\/www.hetmanjewelry.com\/en\/praktyczny-poradnik\/","title":{"rendered":"A practical guide"},"content":{"rendered":"<p class=\"has-medium-font-size\"><strong>A practical guide<\/strong><\/p>\n\n\n\n<p><\/p>\n\n\n\n<p><strong>Jak czy\u015bci\u0107 srebrn\u0105, z\u0142ot\u0105 i poz\u0142acan\u0105 bi\u017cuteri\u0119<\/strong>&nbsp;\u2013 praktyczny poradnik<\/p>\n\n\n\n<p>Srebrna, z\u0142ota i poz\u0142acana bi\u017cuteria mog\u0105 przez lata wygl\u0105da\u0107 jak nowe \u2013 wystarczy odpowiednio o nie zadba\u0107. Na szcz\u0119\u015bcie samodzielne czyszczenie bi\u017cuterii jest proste, a same zabiegi piel\u0119gnacyjne mo\u017cna wykonywa\u0107 domowymi sposobami. Poni\u017cej znajdziecie kilka praktycznych wskaz\u00f3wek, kt\u00f3re pozwol\u0105 Wam dowiedzie\u0107 si\u0119 jak wyczy\u015bci\u0107 srebro, z\u0142oto i bi\u017cuteri\u0119 poz\u0142acan\u0105.<\/p>\n\n\n\n<p><strong>Jak czy\u015bci\u0107 bi\u017cuteri\u0119?<\/strong><\/p>\n\n\n\n<p>Bi\u017cuteria wykonana z metali szlachetnych charakteryzuje si\u0119 nie tylko pi\u0119knym wygl\u0105dem, ale te\u017c delikatno\u015bci\u0105. W\u0142a\u015bnie dlatego czyszczenie srebra, z\u0142ota czy poz\u0142acanego srebra wymaga ostro\u017cno\u015bci i odpowiedniego przygotowania. W przypadku bi\u017cuterii, kt\u00f3ra wymaga bardziej dok\u0142adnego czyszczenia, powinni\u015bmy zwraca\u0107 uwag\u0119 na poziom delikatno\u015bci naszych ozd\u00f3b \u2013 czy maj\u0105 one przymocowane elementy, kt\u00f3re mog\u0105 odpa\u015b\u0107? Czy wzbogacone s\u0105 o kamienie szlachetne, kt\u00f3rych kolor mo\u017ce wyblakn\u0105\u0107 w wyniku zetkni\u0119cia z danym \u015brodkiem chemicznym? Czy ozdobione s\u0105 materia\u0142ami organicznymi \u2013 np. per\u0142ami, bursztynami lub elementami klejonymi, kt\u00f3re mog\u0105 si\u0119 uszkodzi\u0107? W przypadku samego metalu mo\u017cemy delikatnie wyczy\u015bci\u0107 bi\u017cuteri\u0119 domowymi sposobami, jednak w przypadku zdobie\u0144 mo\u017cemy dokona\u0107 uszkodze\u0144 \u2013 wtedy najlepiej uda\u0107 si\u0119 do profesjonalnego zak\u0142adu z\u0142otniczego.<\/p>\n\n\n\n<p><strong>Jak dba\u0107 o bi\u017cuteri\u0119?<\/strong><\/p>\n\n\n\n<p>Je\u015bli chcemy, by nasza bi\u017cuteria cieszy\u0142a si\u0119 pi\u0119knym wygl\u0105dem przez d\u0142ugi czas, powinni\u015bmy odpowiednio o ni\u0105 zadba\u0107. Od przechowywania, po samo noszenie \u2013 piel\u0119gnacja bi\u017cuterii jest niezwykle wa\u017cna. Srebro i srebro poz\u0142acane najlepiej przechowywa\u0107 w woreczkach strunowych, kt\u00f3re ograniczaj\u0105 dost\u0119p do wilgoci. Dzi\u0119ki temu bi\u017cuteria nie ciemnieje z czasem.<\/p>\n\n\n\n<p><strong>Czynniki, kt\u00f3re \u017ale wp\u0142ywaj\u0105 na bi\u017cuteri\u0119 srebrn\u0105 i poz\u0142acan\u0105:<\/strong><\/p>\n\n\n\n<p>Perfumy: nale\u017cy unika\u0107 kontaktu perfum z bi\u017cuteri\u0105. Pod \u017cadnym pozorem nie nale\u017cy rozpyla\u0107 perfum na na\u0142o\u017con\u0105 wcze\u015bniej na cia\u0142o bi\u017cuteri\u0119! Niestety bardzo wiele os\u00f3b o tym zapomina. Wilgo\u0107: bi\u017cuterii nie nale\u017cy moczy\u0107, nie nale\u017cy si\u0119 w niej r\u00f3wnie\u017c k\u0105pa\u0107 czy my\u0107 r\u0105k, gdy s\u0105 na nich pier\u015bcionki. R\u00f3wnie\u017c miejsce, w kt\u00f3rym przechowujemy bi\u017cuteri\u0119 powinno by\u0107 suche.<\/p>\n\n\n\n<p>Unikaj\u0105c tych dw\u00f3ch czynnik\u00f3w w prosty spos\u00f3b przed\u0142u\u017cymy pi\u0119kny wygl\u0105d bi\u017cuterii.<\/p>\n\n\n\n<p><strong>Czyszczenie srebra<\/strong><\/p>\n\n\n\n<p>Bi\u017cuteria srebrna to jeden z najcz\u0119stszych wybor\u00f3w kupuj\u0105cych \u2013 g\u0142\u00f3wnie z powodu pi\u0119knego, lustrzanego koloru. Niestety kruszec ten, szczeg\u00f3lnie gdy nie jest u\u017cywany, szybko ciemnieje i traci sw\u00f3j blask. Jest to spowodowane jego w\u0142a\u015bciwo\u015bciami chemicznymi \u2013 zwi\u0105zki siarki, kt\u00f3re wyst\u0119puj\u0105 w powietrzu reaguj\u0105 ze srebrem, co powoduje powstawanie ciemnego osadu na jego powierzchni. Jak wyczy\u015bci\u0107 srebro domowymi sposobami, by nie zniszczy\u0107 ulubionej bi\u017cuterii? Sposob\u00f3w jest kilka.<br><br><strong>Czym wyczy\u015bci\u0107 srebro w domowych warunkach?<\/strong><\/p>\n\n\n\n<p><strong>Pasta do z\u0119b\u00f3w<br><\/strong>Czyszczenie srebra past\u0105 do z\u0119b\u00f3w to jedna z najprostszych metod domowych. Wa\u017cne jednak, by pasta nie zawiera\u0142a np. wybielaj\u0105cych mikrogranulek. Nale\u017cy si\u0119gn\u0105\u0107 po najprostsz\u0105, bia\u0142\u0105 past\u0119, wyczy\u015bci\u0107 bi\u017cuteri\u0119 delikatnie przy pomocy szczoteczki, po czym op\u0142uka\u0107 j\u0105 pod bie\u017c\u0105c\u0105 wod\u0105.<\/p>\n\n\n\n<p><strong>Popi\u00f3\u0142 z papieros\u00f3w<\/strong><br>Kolejnym domowym sposobem jest zmieszanie popio\u0142u papierosowego z wod\u0105 \u2013 tak zrobion\u0105 papk\u0105 przy pomocy szczoteczki delikatnie czy\u015bcimy bi\u017cuteri\u0119, po czym op\u0142ukujemy j\u0105 wod\u0105.<\/p>\n\n\n\n<p><strong>Pranie<\/strong><br>Bi\u017cuteri\u0119 mo\u017cemy wypra\u0107 razem z bielizn\u0105 w temperaturze ok. 30-40 stopni C. Przed w\u0142\u0105czeniem pralki nale\u017cy jednak upewni\u0107 si\u0119, \u017ce srebro zosta\u0142o odpowiednio zabezpieczone (np. poprzez w\u0142o\u017cenie go do po\u0144czochy lub rajstop).<\/p>\n\n\n\n<p><strong>Ocet i soda oczyszczona<\/strong><br>Gor\u0105ca k\u0105piel to kolejny spos\u00f3b na czyszczenie srebra. Bi\u017cuteri\u0119 srebrn\u0105 mo\u017cemy zamoczy\u0107 w k\u0105pieli chemicznej na oko\u0142o 15 minut (zawsze w ochronnych r\u0119kawicach!). Sk\u0142adniki potrzebne na k\u0105piel: 3 litry wody, 5 \u0142y\u017cek octu i 4 \u0142y\u017cki sody oczyszczonej. \u201eWyk\u0105pane\u201d ozdoby nale\u017cy op\u0142uka\u0107 zimn\u0105 wod\u0105 i osuszy\u0107 przy pomocy mi\u0119kkiej \u015bciereczki.<\/p>\n\n\n\n<p><strong>Woda spod\u2026 ziemniak\u00f3w<br><\/strong>Bi\u017cuteri\u0119 srebrn\u0105 wyczy\u015bcimy r\u00f3wnie\u017c wod\u0105, w kt\u00f3rej wcze\u015bniej gotowa\u0142y si\u0119 ziemniaki w \u0142upinach. Po k\u0105pieli bi\u017cuteri\u0119 nale\u017cy wypolerowa\u0107.<\/p>\n\n\n\n<p><strong>A jak wyczy\u015bci\u0107 srebro w spos\u00f3b bardziej konwencjonalny?<\/strong><br>Mo\u017cemy si\u0119gn\u0105\u0107 po preparaty specjalistyczne, takie jak specjalny p\u0142yn do czyszczenia srebra (np. Argentum, ok. 8 z\u0142), myjka ultrad\u017awi\u0119kowa czy specjalne \u015bciereczki do czyszczenia srebra (np. Connoisseurs, ok 20 z\u0142).<\/p>\n\n\n\n<p><strong>Czyszczenie z\u0142ota<\/strong><br>Zdecydowanie wi\u0119ksz\u0105 odporno\u015bci\u0105 ni\u017c bi\u017cuteria srebrna poszczyci\u0107 si\u0119 mog\u0105 wyroby z\u0142ote, jednak r\u00f3wnie\u017c i one po pewnym czasie trac\u0105 sw\u00f3j pierwotny blask. Powinni\u015bmy jednak pami\u0119ta\u0107, \u017ce z\u0142oto jest bardzo podatne na zarysowania \u2013 delikatno\u015b\u0107 jest wi\u0119c wskazana.<\/p>\n\n\n\n<p><strong>Jak wyczy\u015bci\u0107 z\u0142oto domowymi sposobami?<br>P\u0142yn do mycia naczy\u0144<\/strong><br>Do miski wype\u0142nionej rozgrzan\u0105 wod\u0105 sodow\u0105 dodajemy kilka kropel p\u0142ynu do mycia naczy\u0144 i pozostawiamy w niej bi\u017cuteri\u0119 na 15 minut. Nast\u0119pnie delikatnie czy\u015bcimy z\u0142oto szczoteczk\u0105 i polerujemy.<\/p>\n\n\n\n<p><strong>Sok z cebuli<\/strong><br>Bi\u017cuteri\u0119 posmarowa\u0107 mo\u017cemy sokiem z cebuli (lub w\u0142o\u017cy\u0107 do s\u0142oika zalanego ciep\u0142\u0105 wod\u0105 z dodatkiem sody oczyszczonej i p\u0142atk\u00f3w mydlanych). Tak oczyszczon\u0105 z\u0142ot\u0105 bi\u017cuteri\u0119 wyjmujemy, op\u0142ukujemy ciep\u0142\u0105 wod\u0105 i polerujemy przy pomocy delikatnej szmatki.<\/p>\n\n\n\n<p><strong>Pasta do z\u0119b\u00f3w<br><\/strong>Podobnie jak w przypadku srebra, bi\u017cuteri\u0119 z\u0142ot\u0105 wyczy\u015bcimy r\u00f3wnie\u017c przy pomocy klasycznej pasty do z\u0119b\u00f3w. Wybieraj\u0105c past\u0119 i szczoteczk\u0119 powinni\u015bmy zwraca\u0107 szczeg\u00f3ln\u0105 uwag\u0119 na brak mikrogranulek i stopie\u0144 mi\u0119kko\u015bci w\u0142osia, by nie zarysowa\u0107 z\u0142ota.<\/p>\n\n\n\n<p><strong>Czyszczenie poz\u0142acanego srebra<br><\/strong>Z\u0142ocenie to powierzchniowe powlekanie wyrobu warstw\u0105 z\u0142ota, naturalnym procesem jest wycieranie si\u0119 tej wierzchniej warstwy. Srebro poz\u0142acane po pewnym czasie nara\u017cone jest na \u015bcieranie. W zale\u017cno\u015bci od u\u017cytkowania poz\u0142ocenie mo\u017ce si\u0119 utrzyma\u0107 od kilku miesi\u0119cy do kilku lat. Nale\u017cy o ni\u0105 dba\u0107 w szczeg\u00f3lny spos\u00f3b. Chroni\u0107 przed wilgoci\u0105, zdejmowa\u0107 podczas k\u0105pieli i mycia r\u0105k. Unika\u0107 bezpo\u015bredniego kontaktu z perfumami, p\u0142ynami do dezynfekcji, kosmetykami, chemi\u0105.<\/p>\n\n\n\n<p>Aby zapobiec zmian\u0105, powinni\u015bmy bi\u017cuteri\u0119 poz\u0142acan\u0105 trzyma\u0107 w suchym miejscu, w specjalnym pojemniku lub owija\u0107 poszczeg\u00f3lne elementy bibu\u0142\u0105 (albo delikatnym materia\u0142em, takim jak jedwab). Poz\u0142acane srebro czy\u015bci\u0107 mo\u017cemy podobnie jak z\u0142oto i srebro, istnieje jednak kilka alternatywnych, domowych sposob\u00f3w, z kt\u00f3rych r\u00f3wnie\u017c i w tym przypadku mo\u017cemy skorzysta\u0107. Je\u017celi warstwa si\u0119 mocno wytrze, mo\u017cna ponowi\u0107 proces poz\u0142acania.<\/p>\n\n\n\n<p><strong>Jak czy\u015bci\u0107 poz\u0142acane srebro?<br>Cytryna i s\u00f3l<\/strong><br>Delikatn\u0105 \u015bciereczk\u0119 nale\u017cy zwil\u017cy\u0107 roztworem soli kuchennej i sokiem z<br>cytryny. Tak przygotowanym preparatem nale\u017cy delikatnie przetrze\u0107 (raz)<br>poz\u0142acan\u0105 bi\u017cuteri\u0119.<\/p>\n\n\n\n<p><strong>Spirytus<br><\/strong>Bi\u017cuteri\u0119 poz\u0142acan\u0105 mo\u017cemy przeciera\u0107 \u015bciereczk\u0105 z irchy, kt\u00f3ra wcze\u015bniej<br>namoczona zosta\u0142a w spirytusie salicylowym. W przypadku poz\u0142acanej bi\u017cuterii powinni\u015bmy unika\u0107 ca\u0142kowitego zamaczania ozd\u00f3b w przygotowanych miksturach. Zaleca si\u0119 pojedyncze, delikatne przetarcie namoczon\u0105 watk\u0105 lub bawe\u0142nian\u0105 \u015bciereczk\u0105. Nadmierne pocieranie mo\u017ce powodowa\u0107 starcie wierzchniej warstwy z\u0142ota. Nale\u017cy jednak pami\u0119ta\u0107, \u017ce nawet start\u0105 bi\u017cuteri\u0119 poz\u0142acan\u0105 da si\u0119 uratowa\u0107 \u2013 wystarczy zanie\u015b\u0107 j\u0105 do zak\u0142adu z\u0142otniczego, w kt\u00f3rym zostanie ona od\u015bwie\u017cona w spos\u00f3b profesjonalny.<\/p>\n\n\n\n<p><strong>UWAGA<\/strong><br><strong>Powy\u017csze sposoby stanowi\u0105 jedynie przyk\u0142ad tego, w jaki spos\u00f3b mo\u017cna czy\u015bci\u0107 bi\u017cuteri\u0119 w domowych warunkach. Najlepszym i najbardziej pewnym rozwi\u0105zaniem jest udanie si\u0119 do zak\u0142adu z\u0142otniczego w celu profesjonalnego zabiegu oczyszczania bi\u017cuterii. \u017baden z domowych sposob\u00f3w nie zagwarantuje d\u0142ugotrwa\u0142ego i specjalistycznego efektu, kt\u00f3ry uzyskamy w zak\u0142adzie. Istnieje r\u00f3wnie\u017c ryzyko zniszczenia przez nas ulubionych ozd\u00f3b lub pogorszenia ich stanu w warunkach domowych. Z\u0142y wp\u0142yw na bi\u017cuteri\u0119 maj\u0105 ponadto woda i kosmetyki, dlatego zaleca si\u0119, by nie przechowywa\u0107 (w szczeg\u00f3lno\u015bci) srebra, z\u0142ota ani srebra poz\u0142acanego w \u0142azience.<\/strong><\/p>\n\n\n\n<p><\/p>\n\n\n\n<p><\/p>","protected":false},"excerpt":{"rendered":"<p>Praktyczny poradnik Jak czy\u015bci\u0107 srebrn\u0105, z\u0142ot\u0105 i poz\u0142acan\u0105 bi\u017cuteri\u0119&nbsp;\u2013 praktyczny poradnik Srebrna, z\u0142ota i poz\u0142acana bi\u017cuteria mog\u0105 przez lata wygl\u0105da\u0107 jak nowe \u2013 wystarczy odpowiednio&#8230;<\/p>","protected":false},"author":39,"featured_media":0,"parent":0,"menu_order":0,"comment_status":"closed","ping_status":"closed","template":"","meta":{"footnotes":""},"class_list":["post-5858","page","type-page","status-publish"],"jetpack_sharing_enabled":true,"_links":{"self":[{"href":"https:\/\/www.hetmanjewelry.com\/en\/wp-json\/wp\/v2\/pages\/5858","targetHints":{"allow":["GET"]}}],"collection":[{"href":"https:\/\/www.hetmanjewelry.com\/en\/wp-json\/wp\/v2\/pages"}],"about":[{"href":"https:\/\/www.hetmanjewelry.com\/en\/wp-json\/wp\/v2\/types\/page"}],"author":[{"embeddable":true,"href":"https:\/\/www.hetmanjewelry.com\/en\/wp-json\/wp\/v2\/users\/39"}],"replies":[{"embeddable":true,"href":"https:\/\/www.hetmanjewelry.com\/en\/wp-json\/wp\/v2\/comments?post=5858"}],"version-history":[{"count":2,"href":"https:\/\/www.hetmanjewelry.com\/en\/wp-json\/wp\/v2\/pages\/5858\/revisions"}],"predecessor-version":[{"id":5905,"href":"https:\/\/www.hetmanjewelry.com\/en\/wp-json\/wp\/v2\/pages\/5858\/revisions\/5905"}],"wp:attachment":[{"href":"https:\/\/www.hetmanjewelry.com\/en\/wp-json\/wp\/v2\/media?parent=5858"}],"curies":[{"name":"wp","href":"https:\/\/api.w.org\/{rel}","templated":true}]}}