{"id":18025,"date":"2025-06-29T23:05:37","date_gmt":"2025-06-29T21:05:37","guid":{"rendered":"https:\/\/www.hetmanjewelry.com\/?page_id=18025"},"modified":"2025-11-08T19:13:14","modified_gmt":"2025-11-08T18:13:14","slug":"socialmedialinks","status":"publish","type":"page","link":"https:\/\/www.hetmanjewelry.com\/en\/socialmedialinks\/","title":{"rendered":"socialmedialinks"},"content":{"rendered":"<div id=\"fws_69e6006373aa9\"  data-column-margin=\"default\" data-midnight=\"dark\"  class=\"wpb_row vc_row-fluid vc_row\"  style=\"padding-top: 0px; padding-bottom: 0px; \"><div class=\"row-bg-wrap\" data-bg-animation=\"none\" data-bg-animation-delay=\"\" data-bg-overlay=\"false\"><div class=\"inner-wrap row-bg-layer\" ><div class=\"row-bg viewport-desktop\"  style=\"\"><\/div><\/div><\/div><div class=\"row_col_wrap_12 col span_12 dark left\">\n\t<div  class=\"vc_col-sm-12 wpb_column column_container vc_column_container col no-extra-padding inherit_tablet inherit_phone\"  data-padding-pos=\"all\" data-has-bg-color=\"false\" data-bg-color=\"\" data-bg-opacity=\"1\" data-animation=\"\" data-delay=\"0\" >\n\t\t<div class=\"vc_column-inner\" >\n\t\t\t<div class=\"wpb_wrapper\">\n\t\t\t\t<h3 style=\"text-align: left;font-family:Vidaloka;font-weight:400;font-style:normal\" class=\"vc_custom_heading vc_do_custom_heading\" >B\u0105d\u017amy w kontakcie - wybierz gdzie si\u0119 spotkamy:<\/h3>\n\t\t\t<\/div> \n\t\t<\/div>\n\t<\/div> \n<\/div><\/div>\n\t\t<div id=\"fws_69e6006374673\"  data-column-margin=\"default\" data-midnight=\"dark\"  class=\"wpb_row vc_row-fluid vc_row\"  style=\"padding-top: 0px; padding-bottom: 0px; \"><div class=\"row-bg-wrap\" data-bg-animation=\"none\" data-bg-animation-delay=\"\" data-bg-overlay=\"false\"><div class=\"inner-wrap row-bg-layer\" ><div class=\"row-bg viewport-desktop\"  style=\"\"><\/div><\/div><\/div><div class=\"row_col_wrap_12 col span_12 dark left\">\n\t<div  class=\"vc_col-sm-12 wpb_column column_container vc_column_container col no-extra-padding inherit_tablet inherit_phone\"  data-padding-pos=\"all\" data-has-bg-color=\"false\" data-bg-color=\"\" data-bg-opacity=\"1\" data-animation=\"\" data-delay=\"0\" >\n\t\t<div class=\"vc_column-inner\" >\n\t\t\t<div class=\"wpb_wrapper\">\n\t\t\t\t<div class=\"nectar-cta  border_radius_99px alignment_tablet_default alignment_phone_default display_tablet_inherit display_phone_inherit\" data-style=\"material\" data-alignment=\"left\" data-display=\"block\" data-text-color=\"std\" ><h3> <span class=\"text\"> <\/span><span class=\"link_wrap\" ><a  class=\"link_text\" role=\"button\" href=\"https:\/\/www.instagram.com\/hetman_jewelry\/\">INSTAGRAM<span class=\"circle\" ><\/span><span class=\"arrow\"><\/span><\/a><\/span><\/h3><\/div><div class=\"nectar-cta  border_radius_99px alignment_tablet_default alignment_phone_default display_tablet_inherit display_phone_inherit\" data-style=\"material\" data-alignment=\"left\" data-display=\"block\" data-text-color=\"std\" ><h3> <span class=\"text\"> <\/span><span class=\"link_wrap\" ><a  class=\"link_text\" role=\"button\" href=\"https:\/\/www.instagram.com\/hetman_jewelry\/\">FACEBOOK <span class=\"circle\" ><\/span><span class=\"arrow\"><\/span><\/a><\/span><\/h3><\/div><div class=\"nectar-cta  border_radius_99px alignment_tablet_default alignment_phone_default display_tablet_inherit display_phone_inherit\" data-style=\"material\" data-alignment=\"left\" data-display=\"block\" data-text-color=\"std\" ><h3> <span class=\"text\"> <\/span><span class=\"link_wrap\" ><a  class=\"link_text\" role=\"button\" href=\"https:\/\/pl.pinterest.com\/hetman_jewelry\/\">PINTEREST<span class=\"circle\" ><\/span><span class=\"arrow\"><\/span><\/a><\/span><\/h3><\/div>\n\t\t\t<\/div> \n\t\t<\/div>\n\t<\/div> \n<\/div><\/div>","protected":false},"excerpt":{"rendered":"B\u0105d\u017amy w kontakcie - wybierz gdzie si\u0119 spotkamy: INSTAGRAM FACEBOOK PINTEREST","protected":false},"author":39,"featured_media":0,"parent":0,"menu_order":0,"comment_status":"closed","ping_status":"closed","template":"","meta":{"footnotes":""},"class_list":["post-18025","page","type-page","status-publish"],"jetpack_sharing_enabled":true,"_links":{"self":[{"href":"https:\/\/www.hetmanjewelry.com\/en\/wp-json\/wp\/v2\/pages\/18025","targetHints":{"allow":["GET"]}}],"collection":[{"href":"https:\/\/www.hetmanjewelry.com\/en\/wp-json\/wp\/v2\/pages"}],"about":[{"href":"https:\/\/www.hetmanjewelry.com\/en\/wp-json\/wp\/v2\/types\/page"}],"author":[{"embeddable":true,"href":"https:\/\/www.hetmanjewelry.com\/en\/wp-json\/wp\/v2\/users\/39"}],"replies":[{"embeddable":true,"href":"https:\/\/www.hetmanjewelry.com\/en\/wp-json\/wp\/v2\/comments?post=18025"}],"version-history":[{"count":4,"href":"https:\/\/www.hetmanjewelry.com\/en\/wp-json\/wp\/v2\/pages\/18025\/revisions"}],"predecessor-version":[{"id":18367,"href":"https:\/\/www.hetmanjewelry.com\/en\/wp-json\/wp\/v2\/pages\/18025\/revisions\/18367"}],"wp:attachment":[{"href":"https:\/\/www.hetmanjewelry.com\/en\/wp-json\/wp\/v2\/media?parent=18025"}],"curies":[{"name":"wp","href":"https:\/\/api.w.org\/{rel}","templated":true}]}}